{"id":10820,"date":"2025-05-02T14:35:50","date_gmt":"2025-05-02T14:35:50","guid":{"rendered":"https:\/\/zakelijkepi.webstudio.nl\/epi-kundenportal\/"},"modified":"2025-12-19T10:22:16","modified_gmt":"2025-12-19T10:22:16","slug":"epi-kundenportal","status":"publish","type":"page","link":"https:\/\/zakelijk.epifloors.com\/de\/epi-kundenportal\/","title":{"rendered":"EPI Kundenportal"},"content":{"rendered":"\t\t<div data-elementor-type=\"wp-page\" data-elementor-id=\"10820\" class=\"elementor elementor-10820 elementor-2720\" data-elementor-post-type=\"page\">\n\t\t\t\t<div class=\"elementor-element elementor-element-d396bc1 e-con-full e-flex e-con e-parent\" data-id=\"d396bc1\" data-element_type=\"container\" data-e-type=\"container\" data-settings=\"{&quot;jet_parallax_layout_list&quot;:[]}\">\n\t\t\t\t<div class=\"elementor-element elementor-element-3934ceb elementor-widget elementor-widget-template\" data-id=\"3934ceb\" data-element_type=\"widget\" data-e-type=\"widget\" data-widget_type=\"template.default\">\n\t\t\t\t<div class=\"elementor-widget-container\">\n\t\t\t\t\t\t\t<div class=\"elementor-template\">\n\t\t\t\t\t<div data-elementor-type=\"container\" data-elementor-id=\"9586\" class=\"elementor elementor-9586\" data-elementor-post-type=\"elementor_library\">\n\t\t\t\t<div class=\"elementor-element elementor-element-1e270187 e-con-full e-flex e-con e-parent\" data-id=\"1e270187\" data-element_type=\"container\" data-e-type=\"container\" data-settings=\"{&quot;background_background&quot;:&quot;classic&quot;,&quot;jet_parallax_layout_list&quot;:[]}\">\n\t\t<div class=\"elementor-element elementor-element-7971eafc jedv-enabled--yes e-flex e-con-boxed e-con e-child\" data-id=\"7971eafc\" data-element_type=\"container\" data-e-type=\"container\" data-settings=\"{&quot;jet_parallax_layout_list&quot;:[]}\">\n\t\t\t\t\t<div class=\"e-con-inner\">\n\t\t\t\t<div class=\"elementor-element elementor-element-10d02728 elementor-widget__width-inherit no-line elementor-widget elementor-widget-heading\" data-id=\"10d02728\" data-element_type=\"widget\" data-e-type=\"widget\" data-widget_type=\"heading.default\">\n\t\t\t\t<div class=\"elementor-widget-container\">\n\t\t\t\t\t<h1 class=\"elementor-heading-title elementor-size-default\">EPI Kundenportal<\/h1>\t\t\t\t<\/div>\n\t\t\t\t<\/div>\n\t\t\t\t\t<\/div>\n\t\t\t\t<\/div>\n\t\t\t\t<\/div>\n\t\t\t\t<\/div>\n\t\t\t\t<\/div>\n\t\t\t\t\t\t<\/div>\n\t\t\t\t<\/div>\n\t\t\t\t<\/div>\n\t\t<div class=\"elementor-element elementor-element-929c3c8 e-flex e-con-boxed e-con e-parent\" data-id=\"929c3c8\" data-element_type=\"container\" data-e-type=\"container\" data-settings=\"{&quot;jet_parallax_layout_list&quot;:[]}\">\n\t\t\t\t\t<div class=\"e-con-inner\">\n\t\t\t\t<div class=\"elementor-element elementor-element-3f05660 elementor-widget elementor-widget-heading\" data-id=\"3f05660\" data-element_type=\"widget\" data-e-type=\"widget\" data-widget_type=\"heading.default\">\n\t\t\t\t<div class=\"elementor-widget-container\">\n\t\t\t\t\t<h2 class=\"elementor-heading-title elementor-size-default\">Online bestellen\n<\/h2>\t\t\t\t<\/div>\n\t\t\t\t<\/div>\n\t\t\t\t<div class=\"elementor-element elementor-element-eb42698 elementor-widget elementor-widget-text-editor\" data-id=\"eb42698\" data-element_type=\"widget\" data-e-type=\"widget\" data-widget_type=\"text-editor.default\">\n\t\t\t\t<div class=\"elementor-widget-container\">\n\t\t\t\t\t\t\t\t\t<p>F\u00fcr Stammkunden bietet EPI die M\u00f6glichkeit, online zu bestellen. Wenn Sie genau wissen, was Sie brauchen, k\u00f6nnen Sie Ihre Bestellung schnell aufgeben. Wenn Sie noch keine Zugangsdaten haben, k\u00f6nnen Sie diese bei Ihrem Kundenbetreuer anfordern.  <\/p><p>Der Webshop umfasst unsere Sport-, ESD-, Superbase-, Corestone Nature-, Corestone Classic- und Abnutzungsschichten. Sie k\u00f6nnen auch nach Kategorien wie Gie\u00dfschichten, Beschichtungen, Deckschichten, Abstreifschichten und Grundierungen suchen. <\/p>\t\t\t\t\t\t\t\t<\/div>\n\t\t\t\t<\/div>\n\t\t\t\t\t<\/div>\n\t\t\t\t<\/div>\n\t\t<div class=\"elementor-element elementor-element-ced68a4 e-flex e-con-boxed e-con e-parent\" data-id=\"ced68a4\" data-element_type=\"container\" data-e-type=\"container\" data-settings=\"{&quot;jet_parallax_layout_list&quot;:[]}\">\n\t\t\t\t\t<div class=\"e-con-inner\">\n\t\t\t\t<div class=\"elementor-element elementor-element-00e2dc3 elementor-align-left elementor-widget elementor-widget-button\" data-id=\"00e2dc3\" data-element_type=\"widget\" data-e-type=\"widget\" data-widget_type=\"button.default\">\n\t\t\t\t<div class=\"elementor-widget-container\">\n\t\t\t\t\t\t\t\t\t<div class=\"elementor-button-wrapper\">\n\t\t\t\t\t<a class=\"elementor-button elementor-button-link elementor-size-sm\" href=\"https:\/\/customerportal.epigroup.nl\/login\" target=\"_blank\" rel=\"noopener\">\n\t\t\t\t\t\t<span class=\"elementor-button-content-wrapper\">\n\t\t\t\t\t\t\t\t\t<span class=\"elementor-button-text\">Anmeldung<\/span>\n\t\t\t\t\t<\/span>\n\t\t\t\t\t<\/a>\n\t\t\t\t<\/div>\n\t\t\t\t\t\t\t\t<\/div>\n\t\t\t\t<\/div>\n\t\t\t\t<div class=\"elementor-element elementor-element-ca8e5e7 elementor-align-left elementor-widget elementor-widget-button\" data-id=\"ca8e5e7\" data-element_type=\"widget\" data-e-type=\"widget\" data-widget_type=\"button.default\">\n\t\t\t\t<div class=\"elementor-widget-container\">\n\t\t\t\t\t\t\t\t\t<div class=\"elementor-button-wrapper\">\n\t\t\t\t\t<a class=\"elementor-button elementor-button-link elementor-size-sm\" href=\"mailto:info@epigroup.nl?subject=Aanvraag%20toegang%20tot%20EPI%20Customer%20Portal&#038;body=Ik%20zou%20graag%20toegang%20krijgen%20tot%20de%20EPI%20Customer%20Portal\">\n\t\t\t\t\t\t<span class=\"elementor-button-content-wrapper\">\n\t\t\t\t\t\t\t\t\t<span class=\"elementor-button-text\">Ein Konto beantragen<\/span>\n\t\t\t\t\t<\/span>\n\t\t\t\t\t<\/a>\n\t\t\t\t<\/div>\n\t\t\t\t\t\t\t\t<\/div>\n\t\t\t\t<\/div>\n\t\t\t\t\t<\/div>\n\t\t\t\t<\/div>\n\t\t<div class=\"elementor-element elementor-element-5c2f27d e-flex e-con-boxed e-con e-parent\" data-id=\"5c2f27d\" data-element_type=\"container\" data-e-type=\"container\" data-settings=\"{&quot;jet_parallax_layout_list&quot;:[]}\">\n\t\t\t\t\t<div class=\"e-con-inner\">\n\t\t\t\t<div class=\"elementor-element elementor-element-fa95143 elementor-widget elementor-widget-image\" data-id=\"fa95143\" data-element_type=\"widget\" data-e-type=\"widget\" data-widget_type=\"image.default\">\n\t\t\t\t<div class=\"elementor-widget-container\">\n\t\t\t\t\t\t\t\t\t\t\t\t\t\t\t<img fetchpriority=\"high\" decoding=\"async\" width=\"1217\" height=\"742\" src=\"https:\/\/zakelijk.epifloors.com\/wp-content\/uploads\/2025\/06\/EPI-customer-portal.jpg\" class=\"attachment-full size-full wp-image-6786\" alt=\"EPI Kundenportal\" srcset=\"https:\/\/zakelijk.epifloors.com\/wp-content\/uploads\/2025\/06\/EPI-customer-portal.jpg 1217w, https:\/\/zakelijk.epifloors.com\/wp-content\/uploads\/2025\/06\/EPI-customer-portal-300x183.jpg 300w, https:\/\/zakelijk.epifloors.com\/wp-content\/uploads\/2025\/06\/EPI-customer-portal-1024x624.jpg 1024w, https:\/\/zakelijk.epifloors.com\/wp-content\/uploads\/2025\/06\/EPI-customer-portal-768x468.jpg 768w\" sizes=\"(max-width: 1217px) 100vw, 1217px\" \/>\t\t\t\t\t\t\t\t\t\t\t\t\t\t\t<\/div>\n\t\t\t\t<\/div>\n\t\t\t\t\t<\/div>\n\t\t\t\t<\/div>\n\t\t\t\t<\/div>\n\t\t","protected":false},"excerpt":{"rendered":"<p>Online bestellen F\u00fcr Stammkunden bietet EPI die M\u00f6glichkeit, online zu bestellen. Wenn Sie genau wissen, was Sie brauchen, k\u00f6nnen Sie Ihre Bestellung schnell aufgeben. Wenn Sie noch keine Zugangsdaten haben, k\u00f6nnen Sie diese bei Ihrem Kundenbetreuer anfordern. Der Webshop umfasst unsere Sport-, ESD-, Superbase-, Corestone Nature-, Corestone Classic- und Abnutzungsschichten. Sie k\u00f6nnen auch nach Kategorien [&hellip;]<\/p>\n","protected":false},"author":1,"featured_media":5370,"parent":0,"menu_order":0,"comment_status":"closed","ping_status":"closed","template":"","meta":{"footnotes":""},"kleur-category":[],"vloer-category":[],"class_list":["post-10820","page","type-page","status-publish","has-post-thumbnail","hentry"],"_links":{"self":[{"href":"https:\/\/zakelijk.epifloors.com\/de\/wp-json\/wp\/v2\/pages\/10820","targetHints":{"allow":["GET"]}}],"collection":[{"href":"https:\/\/zakelijk.epifloors.com\/de\/wp-json\/wp\/v2\/pages"}],"about":[{"href":"https:\/\/zakelijk.epifloors.com\/de\/wp-json\/wp\/v2\/types\/page"}],"author":[{"embeddable":true,"href":"https:\/\/zakelijk.epifloors.com\/de\/wp-json\/wp\/v2\/users\/1"}],"replies":[{"embeddable":true,"href":"https:\/\/zakelijk.epifloors.com\/de\/wp-json\/wp\/v2\/comments?post=10820"}],"version-history":[{"count":1,"href":"https:\/\/zakelijk.epifloors.com\/de\/wp-json\/wp\/v2\/pages\/10820\/revisions"}],"predecessor-version":[{"id":10821,"href":"https:\/\/zakelijk.epifloors.com\/de\/wp-json\/wp\/v2\/pages\/10820\/revisions\/10821"}],"wp:featuredmedia":[{"embeddable":true,"href":"https:\/\/zakelijk.epifloors.com\/de\/wp-json\/wp\/v2\/media\/5370"}],"wp:attachment":[{"href":"https:\/\/zakelijk.epifloors.com\/de\/wp-json\/wp\/v2\/media?parent=10820"}],"wp:term":[{"taxonomy":"kleur-category","embeddable":true,"href":"https:\/\/zakelijk.epifloors.com\/de\/wp-json\/wp\/v2\/kleur-category?post=10820"},{"taxonomy":"vloer-category","embeddable":true,"href":"https:\/\/zakelijk.epifloors.com\/de\/wp-json\/wp\/v2\/vloer-category?post=10820"}],"curies":[{"name":"wp","href":"https:\/\/api.w.org\/{rel}","templated":true}]}}