{"id":5353,"date":"2025-06-25T09:39:47","date_gmt":"2025-06-25T09:39:47","guid":{"rendered":"https:\/\/zakelijkepi.webstudio.nl\/sportvloeren-rubber-sportvloeren\/"},"modified":"2026-01-20T15:58:22","modified_gmt":"2026-01-20T15:58:22","slug":"epi-gummi-sportboden","status":"publish","type":"page","link":"https:\/\/zakelijk.epifloors.com\/de\/epi-gummi-sportboden\/","title":{"rendered":"EPI Gummi-Sportb\u00f6den"},"content":{"rendered":"\t\t<div data-elementor-type=\"wp-page\" data-elementor-id=\"5353\" class=\"elementor elementor-5353 elementor-3780\" data-elementor-post-type=\"page\">\n\t\t\t\t<div class=\"elementor-element elementor-element-f9a11a3 e-con-full e-flex e-con e-parent\" data-id=\"f9a11a3\" data-element_type=\"container\" data-e-type=\"container\" data-settings=\"{&quot;jet_parallax_layout_list&quot;:[]}\">\n\t\t\t\t<div class=\"elementor-element elementor-element-7ea0dc8 elementor-widget elementor-widget-template\" data-id=\"7ea0dc8\" data-element_type=\"widget\" data-e-type=\"widget\" data-widget_type=\"template.default\">\n\t\t\t\t<div class=\"elementor-widget-container\">\n\t\t\t\t\t\t\t<div class=\"elementor-template\">\n\t\t\t\t\t<div data-elementor-type=\"container\" data-elementor-id=\"9543\" class=\"elementor elementor-9543\" data-elementor-post-type=\"elementor_library\">\n\t\t\t\t<div class=\"elementor-element elementor-element-67446d58 e-con-full e-flex e-con e-parent\" data-id=\"67446d58\" data-element_type=\"container\" data-e-type=\"container\" id=\"algemeenheadernieuw\" data-settings=\"{&quot;background_background&quot;:&quot;classic&quot;,&quot;jet_parallax_layout_list&quot;:[]}\">\n\t\t<div class=\"elementor-element elementor-element-47a01de3 jedv-enabled--yes e-flex e-con-boxed e-con e-child\" data-id=\"47a01de3\" data-element_type=\"container\" data-e-type=\"container\" data-settings=\"{&quot;jet_parallax_layout_list&quot;:[]}\">\n\t\t\t\t\t<div class=\"e-con-inner\">\n\t\t\t\t<div class=\"elementor-element elementor-element-9e07309 elementor-widget__width-inherit no-line elementor-widget elementor-widget-heading\" data-id=\"9e07309\" data-element_type=\"widget\" data-e-type=\"widget\" data-widget_type=\"heading.default\">\n\t\t\t\t<div class=\"elementor-widget-container\">\n\t\t\t\t\t<h1 class=\"elementor-heading-title elementor-size-default\">EPI Gummi - Sportb\u00f6den<\/h1>\t\t\t\t<\/div>\n\t\t\t\t<\/div>\n\t\t\t\t<div class=\"elementor-element elementor-element-5509d325 no-line elementor-widget elementor-widget-heading\" data-id=\"5509d325\" data-element_type=\"widget\" data-e-type=\"widget\" data-widget_type=\"heading.default\">\n\t\t\t\t<div class=\"elementor-widget-container\">\n\t\t\t\t\t<div class=\"elementor-heading-title elementor-size-default\">EPI bietet eine Reihe von multifunktionalen, vorgefertigten Gummi \u2013 Sportb\u00f6den an. Die B\u00f6den funktionieren hervorragend bei allen denkbaren Wetterbedingungen und sind geeignet f\u00fcr Schulen, Sportvereine und andere Freizeiteinrichtungen.<\/div>\t\t\t\t<\/div>\n\t\t\t\t<\/div>\n\t\t\t\t\t<\/div>\n\t\t\t\t<\/div>\n\t\t\t\t<\/div>\n\t\t\t\t<\/div>\n\t\t\t\t<\/div>\n\t\t\t\t\t\t<\/div>\n\t\t\t\t<\/div>\n\t\t\t\t<\/div>\n\t\t<div class=\"elementor-element elementor-element-34b2cdb e-flex e-con-boxed e-con e-parent\" data-id=\"34b2cdb\" data-element_type=\"container\" data-e-type=\"container\" data-settings=\"{&quot;jet_parallax_layout_list&quot;:[]}\">\n\t\t\t\t\t<div class=\"e-con-inner\">\n\t\t\t\t<div class=\"elementor-element elementor-element-b847c6a elementor-widget elementor-widget-template\" data-id=\"b847c6a\" data-element_type=\"widget\" data-e-type=\"widget\" data-widget_type=\"template.default\">\n\t\t\t\t<div class=\"elementor-widget-container\">\n\t\t\t\t\t\t\t<div class=\"elementor-template\">\n\t\t\t\t\t<div data-elementor-type=\"page\" data-elementor-id=\"7761\" class=\"elementor elementor-7761 elementor-2907 elementor-2907\" data-elementor-post-type=\"elementor_library\">\n\t\t\t\t<div class=\"elementor-element elementor-element-cb96ed8 e-flex e-con-boxed e-con e-parent\" data-id=\"cb96ed8\" data-element_type=\"container\" data-e-type=\"container\" data-settings=\"{&quot;jet_parallax_layout_list&quot;:[]}\">\n\t\t\t\t\t<div class=\"e-con-inner\">\n\t\t\t\t<div class=\"elementor-element elementor-element-0a53bef elementor-icon-list--layout-inline elementor-align-center elementor-list-item-link-full_width elementor-widget elementor-widget-icon-list\" data-id=\"0a53bef\" data-element_type=\"widget\" data-e-type=\"widget\" data-widget_type=\"icon-list.default\">\n\t\t\t\t<div class=\"elementor-widget-container\">\n\t\t\t\t\t\t\t<ul class=\"elementor-icon-list-items elementor-inline-items\">\n\t\t\t\t\t\t\t<li class=\"elementor-icon-list-item elementor-inline-item\">\n\t\t\t\t\t\t\t\t\t\t\t<a href=\"https:\/\/zakelijk.epifloors.com\/de\/epi-pu-sport\/\">\n\n\t\t\t\t\t\t\t\t\t\t\t<span class=\"elementor-icon-list-text\">EPI PU-Sport<\/span>\n\t\t\t\t\t\t\t\t\t\t\t<\/a>\n\t\t\t\t\t\t\t\t\t<\/li>\n\t\t\t\t\t\t\t\t<li class=\"elementor-icon-list-item elementor-inline-item\">\n\t\t\t\t\t\t\t\t\t\t\t<a href=\"https:\/\/zakelijk.epifloors.com\/sportvloeren-court\/\">\n\n\t\t\t\t\t\t\t\t\t\t\t<span class=\"elementor-icon-list-text\">EPI Court<\/span>\n\t\t\t\t\t\t\t\t\t\t\t<\/a>\n\t\t\t\t\t\t\t\t\t<\/li>\n\t\t\t\t\t\t\t\t<li class=\"elementor-icon-list-item elementor-inline-item\">\n\t\t\t\t\t\t\t\t\t\t\t<a href=\"https:\/\/zakelijk.epifloors.com\/de\/epi-athletik-laufbahnen\/\">\n\n\t\t\t\t\t\t\t\t\t\t\t<span class=\"elementor-icon-list-text\">Athletik-Laufbahnen<\/span>\n\t\t\t\t\t\t\t\t\t\t\t<\/a>\n\t\t\t\t\t\t\t\t\t<\/li>\n\t\t\t\t\t\t\t\t<li class=\"elementor-icon-list-item elementor-inline-item\">\n\t\t\t\t\t\t\t\t\t\t\t<a href=\"https:\/\/zakelijk.epifloors.com\/de\/epi-gummi-sportboden\/\">\n\n\t\t\t\t\t\t\t\t\t\t\t<span class=\"elementor-icon-list-text\">EPI Gummi-Sportb\u00f6den<\/span>\n\t\t\t\t\t\t\t\t\t\t\t<\/a>\n\t\t\t\t\t\t\t\t\t<\/li>\n\t\t\t\t\t\t<\/ul>\n\t\t\t\t\t\t<\/div>\n\t\t\t\t<\/div>\n\t\t\t\t\t<\/div>\n\t\t\t\t<\/div>\n\t\t\t\t<\/div>\n\t\t\t\t<\/div>\n\t\t\t\t\t\t<\/div>\n\t\t\t\t<\/div>\n\t\t\t\t\t<\/div>\n\t\t\t\t<\/div>\n\t\t<div class=\"elementor-element elementor-element-e1cbd76 e-flex e-con-boxed e-con e-parent\" data-id=\"e1cbd76\" data-element_type=\"container\" data-e-type=\"container\" data-settings=\"{&quot;jet_parallax_layout_list&quot;:[]}\">\n\t\t\t\t\t<div class=\"e-con-inner\">\n\t\t<div class=\"elementor-element elementor-element-b844b0d e-con-full e-flex e-con e-child\" data-id=\"b844b0d\" data-element_type=\"container\" data-e-type=\"container\" data-settings=\"{&quot;background_background&quot;:&quot;classic&quot;,&quot;jet_parallax_layout_list&quot;:[]}\">\n\t\t\t\t<div class=\"elementor-element elementor-element-6e57f26 elementor-widget__width-inherit elementor-widget elementor-widget-heading\" data-id=\"6e57f26\" data-element_type=\"widget\" data-e-type=\"widget\" data-widget_type=\"heading.default\">\n\t\t\t\t<div class=\"elementor-widget-container\">\n\t\t\t\t\t<h2 class=\"elementor-heading-title elementor-size-default\">Sportb\u00f6den f\u00fcr jedes Klima\n<\/h2>\t\t\t\t<\/div>\n\t\t\t\t<\/div>\n\t\t\t\t<div class=\"elementor-element elementor-element-36a80bc elementor-widget__width-inherit elementor-widget elementor-widget-text-editor\" data-id=\"36a80bc\" data-element_type=\"widget\" data-e-type=\"widget\" data-widget_type=\"text-editor.default\">\n\t\t\t\t<div class=\"elementor-widget-container\">\n\t\t\t\t\t\t\t\t\t<p>Gummi \u2013 Sportb\u00f6den k\u00f6nnen in jedem erdenklichen Klima eingesetzt werden. Ob feucht oder trocken, kalt oder hei\u00df. Die Sportler werden unter allen Bedingungen die federnden und sportlerfreundlichen Charakteristiken der EPI Gummi \u2013 Sportb\u00f6den erkennen.<\/p>\t\t\t\t\t\t\t\t<\/div>\n\t\t\t\t<\/div>\n\t\t\t\t<div class=\"elementor-element elementor-element-32cd78d elementor-widget__width-inherit elementor-widget elementor-widget-heading\" data-id=\"32cd78d\" data-element_type=\"widget\" data-e-type=\"widget\" data-widget_type=\"heading.default\">\n\t\t\t\t<div class=\"elementor-widget-container\">\n\t\t\t\t\t<h2 class=\"elementor-heading-title elementor-size-default\">EPI Fitness \u2013 B\u00f6den\n<\/h2>\t\t\t\t<\/div>\n\t\t\t\t<\/div>\n\t\t\t\t<div class=\"elementor-element elementor-element-c89e9b9 elementor-widget__width-inherit elementor-widget elementor-widget-text-editor\" data-id=\"c89e9b9\" data-element_type=\"widget\" data-e-type=\"widget\" data-widget_type=\"text-editor.default\">\n\t\t\t\t<div class=\"elementor-widget-container\">\n\t\t\t\t\t\t\t\t\t<p>EPI hat ein breites Sortiment an Gummi \u2013 Fitnessb\u00f6den: EPIFLEX. Die EPIFLEX \u2013 Gummib\u00f6den bestehen aus einer Mischung aus recyceltem Gummi (SBR) und farbigem, neuem Gummigranulat (EPDM). EPIFLEX \u2013 Gummi \u2013 Fitnessb\u00f6den sind in 4 Standardserien erh\u00e4ltlich:<\/p>\n<ul>\n<li>EPIFLEX 20-80 Serie<\/li>\n<li>EPIFLEX Mix Serie<\/li>\n<li>EPIFLEX Uni Serie<\/li>\n<li>EPIFLEX Extreme &amp; Sensation Serie<\/li>\n<\/ul>\t\t\t\t\t\t\t\t<\/div>\n\t\t\t\t<\/div>\n\t\t\t\t<\/div>\n\t\t\t\t<div class=\"elementor-element elementor-element-7ab75f0 elementor-widget__width-initial elementor-widget elementor-widget-image\" data-id=\"7ab75f0\" data-element_type=\"widget\" data-e-type=\"widget\" data-widget_type=\"image.default\">\n\t\t\t\t<div class=\"elementor-widget-container\">\n\t\t\t\t\t\t\t\t\t\t\t\t\t\t\t<img fetchpriority=\"high\" decoding=\"async\" width=\"720\" height=\"544\" src=\"https:\/\/zakelijk.epifloors.com\/wp-content\/uploads\/2025\/06\/EPI-veiligheidstegels-met-pijl.jpg\" class=\"attachment-full size-full wp-image-6780\" alt=\"EPI Veiligheidstegels Met Pijl\" srcset=\"https:\/\/zakelijk.epifloors.com\/wp-content\/uploads\/2025\/06\/EPI-veiligheidstegels-met-pijl.jpg 720w, https:\/\/zakelijk.epifloors.com\/wp-content\/uploads\/2025\/06\/EPI-veiligheidstegels-met-pijl-300x227.jpg 300w\" sizes=\"(max-width: 720px) 100vw, 720px\" \/>\t\t\t\t\t\t\t\t\t\t\t\t\t\t\t<\/div>\n\t\t\t\t<\/div>\n\t\t\t\t\t<\/div>\n\t\t\t\t<\/div>\n\t\t<div class=\"elementor-element elementor-element-0ab6ae8 e-flex e-con-boxed e-con e-parent\" data-id=\"0ab6ae8\" data-element_type=\"container\" data-e-type=\"container\" data-settings=\"{&quot;jet_parallax_layout_list&quot;:[]}\">\n\t\t\t\t\t<div class=\"e-con-inner\">\n\t\t\t\t<div class=\"elementor-element elementor-element-656ba2b elementor-widget__width-initial elementor-widget elementor-widget-image\" data-id=\"656ba2b\" data-element_type=\"widget\" data-e-type=\"widget\" data-widget_type=\"image.default\">\n\t\t\t\t<div class=\"elementor-widget-container\">\n\t\t\t\t\t\t\t\t\t\t\t\t\t\t\t<img decoding=\"async\" width=\"1920\" height=\"1280\" src=\"https:\/\/zakelijk.epifloors.com\/wp-content\/uploads\/2025\/06\/EPIFLEX-Rubber-Flooring-mix-series.jpg\" class=\"attachment-full size-full wp-image-6768\" alt=\"EPIFLEX Rubber Flooring Mix Series\" srcset=\"https:\/\/zakelijk.epifloors.com\/wp-content\/uploads\/2025\/06\/EPIFLEX-Rubber-Flooring-mix-series.jpg 1920w, https:\/\/zakelijk.epifloors.com\/wp-content\/uploads\/2025\/06\/EPIFLEX-Rubber-Flooring-mix-series-300x200.jpg 300w, https:\/\/zakelijk.epifloors.com\/wp-content\/uploads\/2025\/06\/EPIFLEX-Rubber-Flooring-mix-series-1024x683.jpg 1024w, https:\/\/zakelijk.epifloors.com\/wp-content\/uploads\/2025\/06\/EPIFLEX-Rubber-Flooring-mix-series-768x512.jpg 768w, https:\/\/zakelijk.epifloors.com\/wp-content\/uploads\/2025\/06\/EPIFLEX-Rubber-Flooring-mix-series-1536x1024.jpg 1536w\" sizes=\"(max-width: 1920px) 100vw, 1920px\" \/>\t\t\t\t\t\t\t\t\t\t\t\t\t\t\t<\/div>\n\t\t\t\t<\/div>\n\t\t<div class=\"elementor-element elementor-element-75c8b83 e-con-full e-flex e-con e-child\" data-id=\"75c8b83\" data-element_type=\"container\" data-e-type=\"container\" data-settings=\"{&quot;background_background&quot;:&quot;classic&quot;,&quot;jet_parallax_layout_list&quot;:[]}\">\n\t\t\t\t<div class=\"elementor-element elementor-element-d23c5f8 elementor-widget__width-inherit elementor-widget elementor-widget-heading\" data-id=\"d23c5f8\" data-element_type=\"widget\" data-e-type=\"widget\" data-widget_type=\"heading.default\">\n\t\t\t\t<div class=\"elementor-widget-container\">\n\t\t\t\t\t<h2 class=\"elementor-heading-title elementor-size-default\">Eigenschaften\n<\/h2>\t\t\t\t<\/div>\n\t\t\t\t<\/div>\n\t\t\t\t<div class=\"elementor-element elementor-element-c54deec elementor-widget__width-inherit elementor-widget elementor-widget-text-editor\" data-id=\"c54deec\" data-element_type=\"widget\" data-e-type=\"widget\" data-widget_type=\"text-editor.default\">\n\t\t\t\t<div class=\"elementor-widget-container\">\n\t\t\t\t\t\t\t\t\t<ul>\n<li>Reduzierung des Trittschalls<\/li>\n<li>Hervorragende Antirutsch-Eigenschaften, auch bei N\u00e4sse<\/li>\n<li>\u00c4u\u00dferst verschlei\u00dffest<\/li>\n<li>Anti-Erm\u00fcdungseffekt<\/li>\n<li>Viele Farben und Mischungen sind m\u00f6glich<\/li>\n<li>Leicht zu verlegen und zu pflegen<\/li>\n<\/ul>\t\t\t\t\t\t\t\t<\/div>\n\t\t\t\t<\/div>\n\t\t\t\t<\/div>\n\t\t\t\t\t<\/div>\n\t\t\t\t<\/div>\n\t\t<div class=\"elementor-element elementor-element-4e71ebb e-flex e-con-boxed e-con e-parent\" data-id=\"4e71ebb\" data-element_type=\"container\" data-e-type=\"container\" data-settings=\"{&quot;jet_parallax_layout_list&quot;:[]}\">\n\t\t\t\t\t<div class=\"e-con-inner\">\n\t\t\t\t<div class=\"elementor-element elementor-element-a3d4a07 elementor-widget elementor-widget-heading\" data-id=\"a3d4a07\" data-element_type=\"widget\" data-e-type=\"widget\" data-widget_type=\"heading.default\">\n\t\t\t\t<div class=\"elementor-widget-container\">\n\t\t\t\t\t<h2 class=\"elementor-heading-title elementor-size-default\">Zertifikate<\/h2>\t\t\t\t<\/div>\n\t\t\t\t<\/div>\n\t\t\t\t<div class=\"elementor-element elementor-element-6b27175 elementor-widget elementor-widget-image\" data-id=\"6b27175\" data-element_type=\"widget\" data-e-type=\"widget\" data-widget_type=\"image.default\">\n\t\t\t\t<div class=\"elementor-widget-container\">\n\t\t\t\t\t\t\t\t\t\t\t\t\t\t\t<img decoding=\"async\" width=\"1920\" height=\"162\" src=\"https:\/\/zakelijk.epifloors.com\/wp-content\/uploads\/2025\/06\/Certificering-sports-logos.png\" class=\"attachment-full size-full wp-image-6767\" alt=\"Certificering Sports Logos\" srcset=\"https:\/\/zakelijk.epifloors.com\/wp-content\/uploads\/2025\/06\/Certificering-sports-logos.png 1920w, https:\/\/zakelijk.epifloors.com\/wp-content\/uploads\/2025\/06\/Certificering-sports-logos-300x25.png 300w, https:\/\/zakelijk.epifloors.com\/wp-content\/uploads\/2025\/06\/Certificering-sports-logos-1024x86.png 1024w, https:\/\/zakelijk.epifloors.com\/wp-content\/uploads\/2025\/06\/Certificering-sports-logos-768x65.png 768w, https:\/\/zakelijk.epifloors.com\/wp-content\/uploads\/2025\/06\/Certificering-sports-logos-1536x130.png 1536w\" sizes=\"(max-width: 1920px) 100vw, 1920px\" \/>\t\t\t\t\t\t\t\t\t\t\t\t\t\t\t<\/div>\n\t\t\t\t<\/div>\n\t\t\t\t\t<\/div>\n\t\t\t\t<\/div>\n\t\t<div class=\"elementor-element elementor-element-ffdc8cb e-con-full e-flex e-con e-parent\" data-id=\"ffdc8cb\" data-element_type=\"container\" data-e-type=\"container\" data-settings=\"{&quot;jet_parallax_layout_list&quot;:[]}\">\n\t\t\t\t<div class=\"elementor-element elementor-element-ddb2f10 elementor-widget elementor-widget-template\" data-id=\"ddb2f10\" data-element_type=\"widget\" data-e-type=\"widget\" data-widget_type=\"template.default\">\n\t\t\t\t<div class=\"elementor-widget-container\">\n\t\t\t\t\t\t\t<div class=\"elementor-template\">\n\t\t\t\t\t<div data-elementor-type=\"container\" data-elementor-id=\"5653\" class=\"elementor elementor-5653 elementor-5119 elementor-5119\" data-elementor-post-type=\"elementor_library\">\n\t\t\t\t<div class=\"elementor-element elementor-element-63f78cf1 e-con-full e-flex e-con e-parent\" data-id=\"63f78cf1\" data-element_type=\"container\" data-e-type=\"container\" data-settings=\"{&quot;background_background&quot;:&quot;classic&quot;,&quot;jet_parallax_layout_list&quot;:[]}\">\n\t\t\t\t<div class=\"elementor-element elementor-element-5170bdd4 no-line elementor-widget elementor-widget-heading\" data-id=\"5170bdd4\" data-element_type=\"widget\" data-e-type=\"widget\" data-widget_type=\"heading.default\">\n\t\t\t\t<div class=\"elementor-widget-container\">\n\t\t\t\t\t<h2 class=\"elementor-heading-title elementor-size-default\">Neugierig nach unseren projekten?<\/h2>\t\t\t\t<\/div>\n\t\t\t\t<\/div>\n\t\t\t\t<div class=\"elementor-element elementor-element-bda84e4 elementor-widget elementor-widget-button\" data-id=\"bda84e4\" data-element_type=\"widget\" data-e-type=\"widget\" data-widget_type=\"button.default\">\n\t\t\t\t<div class=\"elementor-widget-container\">\n\t\t\t\t\t\t\t\t\t<div class=\"elementor-button-wrapper\">\n\t\t\t\t\t<a class=\"elementor-button elementor-button-link elementor-size-sm\" href=\"https:\/\/zakelijk.epifloors.com\/de\/referenzen\/\">\n\t\t\t\t\t\t<span class=\"elementor-button-content-wrapper\">\n\t\t\t\t\t\t\t\t\t<span class=\"elementor-button-text\">Unsere Referenzen &gt;<\/span>\n\t\t\t\t\t<\/span>\n\t\t\t\t\t<\/a>\n\t\t\t\t<\/div>\n\t\t\t\t\t\t\t\t<\/div>\n\t\t\t\t<\/div>\n\t\t\t\t<\/div>\n\t\t\t\t<\/div>\n\t\t\t\t<\/div>\n\t\t\t\t\t\t<\/div>\n\t\t\t\t<\/div>\n\t\t\t\t<\/div>\n\t\t\t\t<\/div>\n\t\t","protected":false},"excerpt":{"rendered":"<p>Sportb\u00f6den f\u00fcr jedes Klima Gummi \u2013 Sportb\u00f6den k\u00f6nnen in jedem erdenklichen Klima eingesetzt werden. Ob feucht oder trocken, kalt oder hei\u00df. Die Sportler werden unter allen Bedingungen die federnden und sportlerfreundlichen Charakteristiken der EPI Gummi \u2013 Sportb\u00f6den erkennen. EPI Fitness \u2013 B\u00f6den EPI hat ein breites Sortiment an Gummi \u2013 Fitnessb\u00f6den: EPIFLEX. Die EPIFLEX \u2013 [&hellip;]<\/p>\n","protected":false},"author":1,"featured_media":5354,"parent":0,"menu_order":0,"comment_status":"closed","ping_status":"closed","template":"","meta":{"footnotes":""},"kleur-category":[],"vloer-category":[57],"class_list":["post-5353","page","type-page","status-publish","has-post-thumbnail","hentry","vloer-category-done"],"_links":{"self":[{"href":"https:\/\/zakelijk.epifloors.com\/de\/wp-json\/wp\/v2\/pages\/5353","targetHints":{"allow":["GET"]}}],"collection":[{"href":"https:\/\/zakelijk.epifloors.com\/de\/wp-json\/wp\/v2\/pages"}],"about":[{"href":"https:\/\/zakelijk.epifloors.com\/de\/wp-json\/wp\/v2\/types\/page"}],"author":[{"embeddable":true,"href":"https:\/\/zakelijk.epifloors.com\/de\/wp-json\/wp\/v2\/users\/1"}],"replies":[{"embeddable":true,"href":"https:\/\/zakelijk.epifloors.com\/de\/wp-json\/wp\/v2\/comments?post=5353"}],"version-history":[{"count":10,"href":"https:\/\/zakelijk.epifloors.com\/de\/wp-json\/wp\/v2\/pages\/5353\/revisions"}],"predecessor-version":[{"id":11830,"href":"https:\/\/zakelijk.epifloors.com\/de\/wp-json\/wp\/v2\/pages\/5353\/revisions\/11830"}],"wp:featuredmedia":[{"embeddable":true,"href":"https:\/\/zakelijk.epifloors.com\/de\/wp-json\/wp\/v2\/media\/5354"}],"wp:attachment":[{"href":"https:\/\/zakelijk.epifloors.com\/de\/wp-json\/wp\/v2\/media?parent=5353"}],"wp:term":[{"taxonomy":"kleur-category","embeddable":true,"href":"https:\/\/zakelijk.epifloors.com\/de\/wp-json\/wp\/v2\/kleur-category?post=5353"},{"taxonomy":"vloer-category","embeddable":true,"href":"https:\/\/zakelijk.epifloors.com\/de\/wp-json\/wp\/v2\/vloer-category?post=5353"}],"curies":[{"name":"wp","href":"https:\/\/api.w.org\/{rel}","templated":true}]}}