{"id":5463,"date":"2025-01-27T12:44:22","date_gmt":"2025-01-27T12:44:22","guid":{"rendered":"https:\/\/zakelijkepi.webstudio.nl\/home\/"},"modified":"2025-12-19T13:44:18","modified_gmt":"2025-12-19T13:44:18","slug":"home","status":"publish","type":"page","link":"https:\/\/zakelijk.epifloors.com\/de\/","title":{"rendered":"Startseite"},"content":{"rendered":"\t\t<div data-elementor-type=\"wp-page\" data-elementor-id=\"5463\" class=\"elementor elementor-5463 elementor-2\" data-elementor-post-type=\"page\">\n\t\t\t\t<div class=\"elementor-element elementor-element-5fb55b2 e-con-full e-flex e-con e-parent\" data-id=\"5fb55b2\" data-element_type=\"container\" data-e-type=\"container\" data-settings=\"{&quot;jet_parallax_layout_list&quot;:[]}\">\n\t\t\t\t<div class=\"elementor-element elementor-element-702be5b elementor-widget elementor-widget-template\" data-id=\"702be5b\" data-element_type=\"widget\" data-e-type=\"widget\" data-widget_type=\"template.default\">\n\t\t\t\t<div class=\"elementor-widget-container\">\n\t\t\t\t\t\t\t<div class=\"elementor-template\">\n\t\t\t\t\t<div data-elementor-type=\"container\" data-elementor-id=\"9543\" class=\"elementor elementor-9543\" data-elementor-post-type=\"elementor_library\">\n\t\t\t\t<div class=\"elementor-element elementor-element-67446d58 e-con-full e-flex e-con e-parent\" data-id=\"67446d58\" data-element_type=\"container\" data-e-type=\"container\" id=\"algemeenheadernieuw\" data-settings=\"{&quot;background_background&quot;:&quot;classic&quot;,&quot;jet_parallax_layout_list&quot;:[]}\">\n\t\t<div class=\"elementor-element elementor-element-47a01de3 jedv-enabled--yes e-flex e-con-boxed e-con e-child\" data-id=\"47a01de3\" data-element_type=\"container\" data-e-type=\"container\" data-settings=\"{&quot;jet_parallax_layout_list&quot;:[]}\">\n\t\t\t\t\t<div class=\"e-con-inner\">\n\t\t\t\t<div class=\"elementor-element elementor-element-9e07309 elementor-widget__width-inherit no-line elementor-widget elementor-widget-heading\" data-id=\"9e07309\" data-element_type=\"widget\" data-e-type=\"widget\" data-widget_type=\"heading.default\">\n\t\t\t\t<div class=\"elementor-widget-container\">\n\t\t\t\t\t<h1 class=\"elementor-heading-title elementor-size-default\">Seit \u00fcber 30 Jahren Hersteller von Kunststoffbodensystemen und Beschichtungen.<\/h1>\t\t\t\t<\/div>\n\t\t\t\t<\/div>\n\t\t\t\t\t<\/div>\n\t\t\t\t<\/div>\n\t\t\t\t<\/div>\n\t\t\t\t<\/div>\n\t\t\t\t<\/div>\n\t\t\t\t\t\t<\/div>\n\t\t\t\t<\/div>\n\t\t\t\t<\/div>\n\t\t<div class=\"elementor-element elementor-element-20209f4 e-flex e-con-boxed e-con e-parent\" data-id=\"20209f4\" data-element_type=\"container\" data-e-type=\"container\" data-settings=\"{&quot;jet_parallax_layout_list&quot;:[]}\">\n\t\t\t\t\t<div class=\"e-con-inner\">\n\t\t\t\t<div class=\"elementor-element elementor-element-c816e7e elementor-widget__width-initial elementor-widget elementor-widget-image\" data-id=\"c816e7e\" data-element_type=\"widget\" data-e-type=\"widget\" data-widget_type=\"image.default\">\n\t\t\t\t<div class=\"elementor-widget-container\">\n\t\t\t\t\t\t\t\t\t\t\t\t\t\t\t<img fetchpriority=\"high\" decoding=\"async\" width=\"1920\" height=\"1920\" src=\"https:\/\/zakelijk.epifloors.com\/wp-content\/uploads\/2025\/04\/EPI-zakelijk-gebouw.jpg\" class=\"attachment-full size-full wp-image-5466\" alt=\"EPI Zakelijk Gebouw\" srcset=\"https:\/\/zakelijk.epifloors.com\/wp-content\/uploads\/2025\/04\/EPI-zakelijk-gebouw.jpg 1920w, https:\/\/zakelijk.epifloors.com\/wp-content\/uploads\/2025\/04\/EPI-zakelijk-gebouw-300x300.jpg 300w, https:\/\/zakelijk.epifloors.com\/wp-content\/uploads\/2025\/04\/EPI-zakelijk-gebouw-1024x1024.jpg 1024w, https:\/\/zakelijk.epifloors.com\/wp-content\/uploads\/2025\/04\/EPI-zakelijk-gebouw-150x150.jpg 150w, https:\/\/zakelijk.epifloors.com\/wp-content\/uploads\/2025\/04\/EPI-zakelijk-gebouw-768x768.jpg 768w, https:\/\/zakelijk.epifloors.com\/wp-content\/uploads\/2025\/04\/EPI-zakelijk-gebouw-1536x1536.jpg 1536w\" sizes=\"(max-width: 1920px) 100vw, 1920px\" \/>\t\t\t\t\t\t\t\t\t\t\t\t\t\t\t<\/div>\n\t\t\t\t<\/div>\n\t\t<div class=\"elementor-element elementor-element-68c641d e-con-full e-flex e-con e-child\" data-id=\"68c641d\" data-element_type=\"container\" data-e-type=\"container\" data-settings=\"{&quot;jet_parallax_layout_list&quot;:[]}\">\n\t\t\t\t<div class=\"elementor-element elementor-element-ed5f31d elementor-widget__width-inherit elementor-widget elementor-widget-heading\" data-id=\"ed5f31d\" data-element_type=\"widget\" data-e-type=\"widget\" data-widget_type=\"heading.default\">\n\t\t\t\t<div class=\"elementor-widget-container\">\n\t\t\t\t\t<h2 class=\"elementor-heading-title elementor-size-default\">Erstklassige Bodensysteme\n<\/h2>\t\t\t\t<\/div>\n\t\t\t\t<\/div>\n\t\t\t\t<div class=\"elementor-element elementor-element-2804771 elementor-widget__width-inherit elementor-widget elementor-widget-text-editor\" data-id=\"2804771\" data-element_type=\"widget\" data-e-type=\"widget\" data-widget_type=\"text-editor.default\">\n\t\t\t\t<div class=\"elementor-widget-container\">\n\t\t\t\t\t\t\t\t\t<p>Wir sind EPI, ein unabh\u00e4ngiges niederl\u00e4ndisches Familienunternehmen und Hersteller von synthetischen Gie\u00dfb\u00f6den und Fu\u00dfbodensystemen. Seit mehr als drei Jahrzehnten entwickeln und gestalten wir mit Leidenschaft erstklassige <a href=\"https:\/\/zakelijk.epifloors.com\/de\/designboden\/\">Designb\u00f6den<\/a>, <a href=\"https:\/\/zakelijk.epifloors.com\/de\/producten\/sportvloeren\/\">Sportb\u00f6den<\/a>, <a href=\"https:\/\/zakelijk.epifloors.com\/de\/unsere-boeden\/industrievloeren\/\">Industrieb\u00f6den<\/a> und <a href=\"https:\/\/zakelijk.epifloors.com\/de\/funktionsboden\/\">Funktionsb\u00f6den<\/a> f\u00fcr Wohnungen, Unternehmen, Br\u00fccken- und Parkdecks und andere Anwendungen weltweit. Das Ergebnis dieser Leidenschaft sind immer wieder sensationelle B\u00f6den und au\u00dfergew\u00f6hnliche Projekte. Sie k\u00f6nnen sich f\u00fcr praktisch jede denkbare Anwendung \/ Produkt-Kombination an uns wenden.<\/p>\t\t\t\t\t\t\t\t<\/div>\n\t\t\t\t<\/div>\n\t\t\t\t<div class=\"elementor-element elementor-element-fb2297b elementor-widget__width-inherit elementor-widget elementor-widget-heading\" data-id=\"fb2297b\" data-element_type=\"widget\" data-e-type=\"widget\" data-widget_type=\"heading.default\">\n\t\t\t\t<div class=\"elementor-widget-container\">\n\t\t\t\t\t<h2 class=\"elementor-heading-title elementor-size-default\">Fu\u00dfb\u00f6den von h\u00f6chster Qualit\u00e4t\n<\/h2>\t\t\t\t<\/div>\n\t\t\t\t<\/div>\n\t\t\t\t<div class=\"elementor-element elementor-element-468121c elementor-widget__width-inherit elementor-widget elementor-widget-text-editor\" data-id=\"468121c\" data-element_type=\"widget\" data-e-type=\"widget\" data-widget_type=\"text-editor.default\">\n\t\t\t\t<div class=\"elementor-widget-container\">\n\t\t\t\t\t\t\t\t\t<p>F\u00fcr uns stehen Innovation und Forschung an erster Stelle. Ob es sich um einen Design-Gie\u00dfboden oder einen Industrieboden handelt: Nur das Beste ist gut genug. In dem modernen Labor unserer <a href=\"https:\/\/zakelijk.epifloors.com\/de\/over-ons\/research-en-development\/\">Forschungs- und Entwicklungsabteilung<\/a> f\u00fchren Spezialisten Tests durch, arbeiten an Innovationen und verbessern bestehende Produkte. Als Hersteller, Lieferant und H\u00e4ndler kontrollieren wir die gesamte Produktionskette. So k\u00f6nnen wir die Qualit\u00e4t der von uns gelieferten B\u00f6den voll und ganz garantieren.<br \/>Unsere Systeme werden nach den neuesten Normen entwickelt und geliefert. Wir m\u00f6chten nicht, dass unsere Kunden dies selbst herausfinden m\u00fcssen. Deshalb liefern wir unsere Produkte nach den Richtlinien der geltenden Normen NEN-ISO 9001\/14001. Die Spezifikationen der B\u00f6den sind im <a href=\"https:\/\/fabrikantenindex.nl\/\" target=\"_blank\" rel=\"noopener\">STABU Register<\/a> zu finden.<\/p>\t\t\t\t\t\t\t\t<\/div>\n\t\t\t\t<\/div>\n\t\t\t\t<\/div>\n\t\t\t\t\t<\/div>\n\t\t\t\t<\/div>\n\t\t<div class=\"elementor-element elementor-element-ce46b0e e-flex e-con-boxed e-con e-parent\" data-id=\"ce46b0e\" data-element_type=\"container\" data-e-type=\"container\" data-settings=\"{&quot;jet_parallax_layout_list&quot;:[]}\">\n\t\t\t\t\t<div class=\"e-con-inner\">\n\t\t\t\t<div class=\"elementor-element elementor-element-61590d7 elementor-widget-tablet__width-initial elementor-widget elementor-widget-image\" data-id=\"61590d7\" data-element_type=\"widget\" data-e-type=\"widget\" data-widget_type=\"image.default\">\n\t\t\t\t<div class=\"elementor-widget-container\">\n\t\t\t\t\t\t\t\t\t\t\t\t\t\t\t<img decoding=\"async\" width=\"480\" height=\"320\" src=\"https:\/\/zakelijk.epifloors.com\/wp-content\/uploads\/2025\/03\/EPI-PU-gietvloer-48-480x320-1.jpg\" class=\"attachment-full size-full wp-image-7046\" alt=\"EPI-PU-gietvloer-48-480x320\" srcset=\"https:\/\/zakelijk.epifloors.com\/wp-content\/uploads\/2025\/03\/EPI-PU-gietvloer-48-480x320-1.jpg 480w, https:\/\/zakelijk.epifloors.com\/wp-content\/uploads\/2025\/03\/EPI-PU-gietvloer-48-480x320-1-300x200.jpg 300w\" sizes=\"(max-width: 480px) 100vw, 480px\" \/>\t\t\t\t\t\t\t\t\t\t\t\t\t\t\t<\/div>\n\t\t\t\t<\/div>\n\t\t<div class=\"elementor-element elementor-element-14bc977 e-con-full e-flex e-con e-child\" data-id=\"14bc977\" data-element_type=\"container\" data-e-type=\"container\" data-settings=\"{&quot;jet_parallax_layout_list&quot;:[]}\">\n\t\t\t\t<div class=\"elementor-element elementor-element-fe42bb1 elementor-widget__width-inherit elementor-widget elementor-widget-heading\" data-id=\"fe42bb1\" data-element_type=\"widget\" data-e-type=\"widget\" data-widget_type=\"heading.default\">\n\t\t\t\t<div class=\"elementor-widget-container\">\n\t\t\t\t\t<h2 class=\"elementor-heading-title elementor-size-default\">Umweltfreundlich und nachhaltig\n<\/h2>\t\t\t\t<\/div>\n\t\t\t\t<\/div>\n\t\t\t\t<div class=\"elementor-element elementor-element-92cc60f elementor-widget__width-inherit elementor-widget elementor-widget-text-editor\" data-id=\"92cc60f\" data-element_type=\"widget\" data-e-type=\"widget\" data-widget_type=\"text-editor.default\">\n\t\t\t\t<div class=\"elementor-widget-container\">\n\t\t\t\t\t\t\t\t\t<p>Die Entwicklung innovativer, umweltfreundlicher Produkte ist uns wichtig, deshalb investieren wir viel in sie. EPI-B\u00f6den sind langlebig und bleiben l\u00e4nger in gutem Zustand als Bodensysteme anderer Hersteller. Die un\u00fcbertroffene Lebensdauer eines EPI Superbase Gie\u00dfbodens liegt bei drei\u00dfig bis vierzig Jahren. Dar\u00fcber hinaus sind unsere Fu\u00dfbodensysteme l\u00f6semittelfrei und\/oder wasserbasiert, wodurch die Emissionen fl\u00fcchtiger organischer Verbindungen minimiert werden. Die Produkte von EPI enthalten haupts\u00e4chlich naturbasierte Rohstoffe wie Biopolymere und nat\u00fcrliche F\u00fcllstoffe von europ\u00e4ischen Lieferanten der A-Klasse.<\/p>\t\t\t\t\t\t\t\t<\/div>\n\t\t\t\t<\/div>\n\t\t\t\t<div class=\"elementor-element elementor-element-25f0229 elementor-widget__width-inherit elementor-widget elementor-widget-heading\" data-id=\"25f0229\" data-element_type=\"widget\" data-e-type=\"widget\" data-widget_type=\"heading.default\">\n\t\t\t\t<div class=\"elementor-widget-container\">\n\t\t\t\t\t<h2 class=\"elementor-heading-title elementor-size-default\">Verlegung von B\u00f6den durch spezialisierte Verleger\n<\/h2>\t\t\t\t<\/div>\n\t\t\t\t<\/div>\n\t\t\t\t<div class=\"elementor-element elementor-element-baa5d61 elementor-widget__width-inherit elementor-widget elementor-widget-text-editor\" data-id=\"baa5d61\" data-element_type=\"widget\" data-e-type=\"widget\" data-widget_type=\"text-editor.default\">\n\t\t\t\t<div class=\"elementor-widget-container\">\n\t\t\t\t\t\t\t\t\t<p>Bei EPI stellen wir B\u00f6den her. Wir verlegen sie nicht. Das \u00fcberlassen wir unserem weltweiten Netzwerk von spezialisierten Verlegern. Unsere Partner sind ausnahmslos Liebhaber ihres Fachs und haben ein Auge f\u00fcrs Detail. Wenn Sie sich f\u00fcr einen EPI-Boden entscheiden, bringen wir Sie gerne mit einem spezialisierten Verleger in Ihrer N\u00e4he in Kontakt.<\/p>\t\t\t\t\t\t\t\t<\/div>\n\t\t\t\t<\/div>\n\t\t\t\t<\/div>\n\t\t\t\t\t<\/div>\n\t\t\t\t<\/div>\n\t\t<div class=\"elementor-element elementor-element-58aae65 e-flex e-con-boxed e-con e-parent\" data-id=\"58aae65\" data-element_type=\"container\" data-e-type=\"container\" data-settings=\"{&quot;jet_parallax_layout_list&quot;:[]}\">\n\t\t\t\t\t<div class=\"e-con-inner\">\n\t\t\t\t<div class=\"elementor-element elementor-element-76a2d17 elementor-widget__width-initial elementor-widget elementor-widget-image\" data-id=\"76a2d17\" data-element_type=\"widget\" data-e-type=\"widget\" data-widget_type=\"image.default\">\n\t\t\t\t<div class=\"elementor-widget-container\">\n\t\t\t\t\t\t\t\t\t\t\t\t\t\t\t<img decoding=\"async\" width=\"980\" height=\"653\" src=\"https:\/\/zakelijk.epifloors.com\/wp-content\/uploads\/2025\/04\/Kunststof-gietvloeren.jpg\" class=\"attachment-full size-full wp-image-5467\" alt=\"Kunststof Gietvloeren\" srcset=\"https:\/\/zakelijk.epifloors.com\/wp-content\/uploads\/2025\/04\/Kunststof-gietvloeren.jpg 980w, https:\/\/zakelijk.epifloors.com\/wp-content\/uploads\/2025\/04\/Kunststof-gietvloeren-300x200.jpg 300w, https:\/\/zakelijk.epifloors.com\/wp-content\/uploads\/2025\/04\/Kunststof-gietvloeren-768x512.jpg 768w\" sizes=\"(max-width: 980px) 100vw, 980px\" \/>\t\t\t\t\t\t\t\t\t\t\t\t\t\t\t<\/div>\n\t\t\t\t<\/div>\n\t\t<div class=\"elementor-element elementor-element-69300e8 e-con-full e-flex e-con e-child\" data-id=\"69300e8\" data-element_type=\"container\" data-e-type=\"container\" data-settings=\"{&quot;jet_parallax_layout_list&quot;:[]}\">\n\t\t\t\t<div class=\"elementor-element elementor-element-90ee9b1 elementor-widget__width-inherit elementor-widget elementor-widget-heading\" data-id=\"90ee9b1\" data-element_type=\"widget\" data-e-type=\"widget\" data-widget_type=\"heading.default\">\n\t\t\t\t<div class=\"elementor-widget-container\">\n\t\t\t\t\t<h2 class=\"elementor-heading-title elementor-size-default\">Wir denken mit Ihnen mit\n<\/h2>\t\t\t\t<\/div>\n\t\t\t\t<\/div>\n\t\t\t\t<div class=\"elementor-element elementor-element-5ace094 elementor-widget__width-inherit elementor-widget elementor-widget-text-editor\" data-id=\"5ace094\" data-element_type=\"widget\" data-e-type=\"widget\" data-widget_type=\"text-editor.default\">\n\t\t\t\t<div class=\"elementor-widget-container\">\n\t\t\t\t\t\t\t\t\t<p>EPI m\u00f6chte Ihnen die Auswahl des richtigen Bodens und dessen Verlegung so einfach wie m\u00f6glich machen. Deshalb denken wir gerne mit Ihnen mit. Unsere Kunststoffb\u00f6den werden so entwickelt, dass die Produkte und ihre Eigenschaften der t\u00e4glichen Praxis und den W\u00fcnschen unserer Kunden entsprechen. Hier ist vieles m\u00f6glich. Sie brauchen Hilfe bei der Auswahl? Unsere Berater helfen Ihnen gerne, den richtigen Boden f\u00fcr die richtige Anwendung zu finden.<\/p>\t\t\t\t\t\t\t\t<\/div>\n\t\t\t\t<\/div>\n\t\t\t\t<div class=\"elementor-element elementor-element-a1d2cad elementor-widget__width-inherit elementor-widget elementor-widget-heading\" data-id=\"a1d2cad\" data-element_type=\"widget\" data-e-type=\"widget\" data-widget_type=\"heading.default\">\n\t\t\t\t<div class=\"elementor-widget-container\">\n\t\t\t\t\t<h2 class=\"elementor-heading-title elementor-size-default\">Entdecken Sie unsere B\u00f6den\n<\/h2>\t\t\t\t<\/div>\n\t\t\t\t<\/div>\n\t\t\t\t<div class=\"elementor-element elementor-element-7a5e370 elementor-widget__width-inherit elementor-widget elementor-widget-text-editor\" data-id=\"7a5e370\" data-element_type=\"widget\" data-e-type=\"widget\" data-widget_type=\"text-editor.default\">\n\t\t\t\t<div class=\"elementor-widget-container\">\n\t\t\t\t\t\t\t\t\t<p>Auf unserer Website finden Sie ausf\u00fchrliche Informationen \u00fcber unsere Kunststoff-Gie\u00dfb\u00f6den und andere Bodensysteme und deren Anwendungsbereiche. Als Hersteller verf\u00fcgen wir auch \u00fcber das n\u00f6tige Wissen, um Sie pers\u00f6nlich zu beraten. Nehmen Sie Kontakt mit einem unserer Spezialisten auf oder besuchen Sie unseren Ausstellungsraum \u201c<a href=\"https:\/\/zakelijk.epifloors.com\/de\/epi-experience\/\">EPI Experience<\/a>\u201d in Houten, um sich die Fu\u00dfbodensysteme und den Produktionsprozess genauer anzusehen.<\/p>\t\t\t\t\t\t\t\t<\/div>\n\t\t\t\t<\/div>\n\t\t\t\t<\/div>\n\t\t\t\t\t<\/div>\n\t\t\t\t<\/div>\n\t\t<div class=\"elementor-element elementor-element-b54fa2a e-grid e-con-boxed e-con e-parent\" data-id=\"b54fa2a\" data-element_type=\"container\" data-e-type=\"container\" data-settings=\"{&quot;background_background&quot;:&quot;classic&quot;,&quot;jet_parallax_layout_list&quot;:[]}\">\n\t\t\t\t\t<div class=\"e-con-inner\">\n\t\t\t\t<div class=\"elementor-element elementor-element-1168548 elementor-view-default elementor-position-block-start elementor-mobile-position-block-start elementor-widget elementor-widget-icon-box\" data-id=\"1168548\" data-element_type=\"widget\" data-e-type=\"widget\" data-widget_type=\"icon-box.default\">\n\t\t\t\t<div class=\"elementor-widget-container\">\n\t\t\t\t\t\t\t<div class=\"elementor-icon-box-wrapper\">\n\n\t\t\t\t\t\t<div class=\"elementor-icon-box-icon\">\n\t\t\t\t<a href=\"https:\/\/zakelijk.epifloors.com\/de\/unsere-boden\/\" class=\"elementor-icon\" tabindex=\"-1\" aria-label=\"Alle Bodensysteme\">\n\t\t\t\t<svg aria-hidden=\"true\" class=\"e-font-icon-svg e-fas-layer-group\" viewBox=\"0 0 512 512\" xmlns=\"http:\/\/www.w3.org\/2000\/svg\"><path d=\"M12.41 148.02l232.94 105.67c6.8 3.09 14.49 3.09 21.29 0l232.94-105.67c16.55-7.51 16.55-32.52 0-40.03L266.65 2.31a25.607 25.607 0 0 0-21.29 0L12.41 107.98c-16.55 7.51-16.55 32.53 0 40.04zm487.18 88.28l-58.09-26.33-161.64 73.27c-7.56 3.43-15.59 5.17-23.86 5.17s-16.29-1.74-23.86-5.17L70.51 209.97l-58.1 26.33c-16.55 7.5-16.55 32.5 0 40l232.94 105.59c6.8 3.08 14.49 3.08 21.29 0L499.59 276.3c16.55-7.5 16.55-32.5 0-40zm0 127.8l-57.87-26.23-161.86 73.37c-7.56 3.43-15.59 5.17-23.86 5.17s-16.29-1.74-23.86-5.17L70.29 337.87 12.41 364.1c-16.55 7.5-16.55 32.5 0 40l232.94 105.59c6.8 3.08 14.49 3.08 21.29 0L499.59 404.1c16.55-7.5 16.55-32.5 0-40z\"><\/path><\/svg>\t\t\t\t<\/a>\n\t\t\t<\/div>\n\t\t\t\n\t\t\t\t\t\t<div class=\"elementor-icon-box-content\">\n\n\t\t\t\t\t\t\t\t\t<h3 class=\"elementor-icon-box-title\">\n\t\t\t\t\t\t<a href=\"https:\/\/zakelijk.epifloors.com\/de\/unsere-boden\/\">\n\t\t\t\t\t\t\tAlle Bodensysteme\t\t\t\t\t\t<\/a>\n\t\t\t\t\t<\/h3>\n\t\t\t\t\n\t\t\t\t\n\t\t\t<\/div>\n\t\t\t\n\t\t<\/div>\n\t\t\t\t\t\t<\/div>\n\t\t\t\t<\/div>\n\t\t\t\t<div class=\"elementor-element elementor-element-f5c18c7 elementor-view-default elementor-position-block-start elementor-mobile-position-block-start elementor-widget elementor-widget-icon-box\" data-id=\"f5c18c7\" data-element_type=\"widget\" data-e-type=\"widget\" data-widget_type=\"icon-box.default\">\n\t\t\t\t<div class=\"elementor-widget-container\">\n\t\t\t\t\t\t\t<div class=\"elementor-icon-box-wrapper\">\n\n\t\t\t\t\t\t<div class=\"elementor-icon-box-icon\">\n\t\t\t\t<a href=\"https:\/\/zakelijk.epifloors.com\/de\/boden-fur\/\" class=\"elementor-icon\" tabindex=\"-1\" aria-label=\"Anwendungsbereiche\">\n\t\t\t\t<svg aria-hidden=\"true\" class=\"e-font-icon-svg e-fas-check-circle\" viewBox=\"0 0 512 512\" xmlns=\"http:\/\/www.w3.org\/2000\/svg\"><path d=\"M504 256c0 136.967-111.033 248-248 248S8 392.967 8 256 119.033 8 256 8s248 111.033 248 248zM227.314 387.314l184-184c6.248-6.248 6.248-16.379 0-22.627l-22.627-22.627c-6.248-6.249-16.379-6.249-22.628 0L216 308.118l-70.059-70.059c-6.248-6.248-16.379-6.248-22.628 0l-22.627 22.627c-6.248 6.248-6.248 16.379 0 22.627l104 104c6.249 6.249 16.379 6.249 22.628.001z\"><\/path><\/svg>\t\t\t\t<\/a>\n\t\t\t<\/div>\n\t\t\t\n\t\t\t\t\t\t<div class=\"elementor-icon-box-content\">\n\n\t\t\t\t\t\t\t\t\t<h3 class=\"elementor-icon-box-title\">\n\t\t\t\t\t\t<a href=\"https:\/\/zakelijk.epifloors.com\/de\/boden-fur\/\">\n\t\t\t\t\t\t\tAnwendungsbereiche\t\t\t\t\t\t<\/a>\n\t\t\t\t\t<\/h3>\n\t\t\t\t\n\t\t\t\t\n\t\t\t<\/div>\n\t\t\t\n\t\t<\/div>\n\t\t\t\t\t\t<\/div>\n\t\t\t\t<\/div>\n\t\t\t\t<div class=\"elementor-element elementor-element-e910d43 elementor-view-default elementor-position-block-start elementor-mobile-position-block-start elementor-widget elementor-widget-icon-box\" data-id=\"e910d43\" data-element_type=\"widget\" data-e-type=\"widget\" data-widget_type=\"icon-box.default\">\n\t\t\t\t<div class=\"elementor-widget-container\">\n\t\t\t\t\t\t\t<div class=\"elementor-icon-box-wrapper\">\n\n\t\t\t\t\t\t<div class=\"elementor-icon-box-icon\">\n\t\t\t\t<a href=\"https:\/\/zakelijk.epifloors.com\/de\/kontakt\/\" class=\"elementor-icon\" tabindex=\"-1\" aria-label=\"Kontakt zum Fachmann\">\n\t\t\t\t<svg aria-hidden=\"true\" class=\"e-font-icon-svg e-fas-id-card\" viewBox=\"0 0 576 512\" xmlns=\"http:\/\/www.w3.org\/2000\/svg\"><path d=\"M528 32H48C21.5 32 0 53.5 0 80v16h576V80c0-26.5-21.5-48-48-48zM0 432c0 26.5 21.5 48 48 48h480c26.5 0 48-21.5 48-48V128H0v304zm352-232c0-4.4 3.6-8 8-8h144c4.4 0 8 3.6 8 8v16c0 4.4-3.6 8-8 8H360c-4.4 0-8-3.6-8-8v-16zm0 64c0-4.4 3.6-8 8-8h144c4.4 0 8 3.6 8 8v16c0 4.4-3.6 8-8 8H360c-4.4 0-8-3.6-8-8v-16zm0 64c0-4.4 3.6-8 8-8h144c4.4 0 8 3.6 8 8v16c0 4.4-3.6 8-8 8H360c-4.4 0-8-3.6-8-8v-16zM176 192c35.3 0 64 28.7 64 64s-28.7 64-64 64-64-28.7-64-64 28.7-64 64-64zM67.1 396.2C75.5 370.5 99.6 352 128 352h8.2c12.3 5.1 25.7 8 39.8 8s27.6-2.9 39.8-8h8.2c28.4 0 52.5 18.5 60.9 44.2 3.2 9.9-5.2 19.8-15.6 19.8H82.7c-10.4 0-18.8-10-15.6-19.8z\"><\/path><\/svg>\t\t\t\t<\/a>\n\t\t\t<\/div>\n\t\t\t\n\t\t\t\t\t\t<div class=\"elementor-icon-box-content\">\n\n\t\t\t\t\t\t\t\t\t<h3 class=\"elementor-icon-box-title\">\n\t\t\t\t\t\t<a href=\"https:\/\/zakelijk.epifloors.com\/de\/kontakt\/\">\n\t\t\t\t\t\t\tKontakt zum Fachmann\t\t\t\t\t\t<\/a>\n\t\t\t\t\t<\/h3>\n\t\t\t\t\n\t\t\t\t\n\t\t\t<\/div>\n\t\t\t\n\t\t<\/div>\n\t\t\t\t\t\t<\/div>\n\t\t\t\t<\/div>\n\t\t\t\t<div class=\"elementor-element elementor-element-d55b317 elementor-view-default elementor-position-block-start elementor-mobile-position-block-start elementor-widget elementor-widget-icon-box\" data-id=\"d55b317\" data-element_type=\"widget\" data-e-type=\"widget\" data-widget_type=\"icon-box.default\">\n\t\t\t\t<div class=\"elementor-widget-container\">\n\t\t\t\t\t\t\t<div class=\"elementor-icon-box-wrapper\">\n\n\t\t\t\t\t\t<div class=\"elementor-icon-box-icon\">\n\t\t\t\t<a href=\"https:\/\/zakelijk.epifloors.com\/de\/epi-experience\/\" class=\"elementor-icon\" tabindex=\"-1\" aria-label=\"Ausstellungsraum besuchen\">\n\t\t\t\t<svg aria-hidden=\"true\" class=\"e-font-icon-svg e-far-eye\" viewBox=\"0 0 576 512\" xmlns=\"http:\/\/www.w3.org\/2000\/svg\"><path d=\"M288 144a110.94 110.94 0 0 0-31.24 5 55.4 55.4 0 0 1 7.24 27 56 56 0 0 1-56 56 55.4 55.4 0 0 1-27-7.24A111.71 111.71 0 1 0 288 144zm284.52 97.4C518.29 135.59 410.93 64 288 64S57.68 135.64 3.48 241.41a32.35 32.35 0 0 0 0 29.19C57.71 376.41 165.07 448 288 448s230.32-71.64 284.52-177.41a32.35 32.35 0 0 0 0-29.19zM288 400c-98.65 0-189.09-55-237.93-144C98.91 167 189.34 112 288 112s189.09 55 237.93 144C477.1 345 386.66 400 288 400z\"><\/path><\/svg>\t\t\t\t<\/a>\n\t\t\t<\/div>\n\t\t\t\n\t\t\t\t\t\t<div class=\"elementor-icon-box-content\">\n\n\t\t\t\t\t\t\t\t\t<h3 class=\"elementor-icon-box-title\">\n\t\t\t\t\t\t<a href=\"https:\/\/zakelijk.epifloors.com\/de\/epi-experience\/\">\n\t\t\t\t\t\t\tAusstellungsraum besuchen\t\t\t\t\t\t<\/a>\n\t\t\t\t\t<\/h3>\n\t\t\t\t\n\t\t\t\t\n\t\t\t<\/div>\n\t\t\t\n\t\t<\/div>\n\t\t\t\t\t\t<\/div>\n\t\t\t\t<\/div>\n\t\t\t\t\t<\/div>\n\t\t\t\t<\/div>\n\t\t\t\t<\/div>\n\t\t","protected":false},"excerpt":{"rendered":"<p>Erstklassige Bodensysteme Wir sind EPI, ein unabh\u00e4ngiges niederl\u00e4ndisches Familienunternehmen und Hersteller von synthetischen Gie\u00dfb\u00f6den und Fu\u00dfbodensystemen. Seit mehr als drei Jahrzehnten entwickeln und gestalten wir mit Leidenschaft erstklassige Designb\u00f6den, Sportb\u00f6den, Industrieb\u00f6den und Funktionsb\u00f6den f\u00fcr Wohnungen, Unternehmen, Br\u00fccken- und Parkdecks und andere Anwendungen weltweit. Das Ergebnis dieser Leidenschaft sind immer wieder sensationelle B\u00f6den und au\u00dfergew\u00f6hnliche Projekte. [&hellip;]<\/p>\n","protected":false},"author":1,"featured_media":5374,"parent":0,"menu_order":0,"comment_status":"closed","ping_status":"closed","template":"","meta":{"footnotes":""},"kleur-category":[],"vloer-category":[57],"class_list":["post-5463","page","type-page","status-publish","has-post-thumbnail","hentry","vloer-category-done"],"_links":{"self":[{"href":"https:\/\/zakelijk.epifloors.com\/de\/wp-json\/wp\/v2\/pages\/5463","targetHints":{"allow":["GET"]}}],"collection":[{"href":"https:\/\/zakelijk.epifloors.com\/de\/wp-json\/wp\/v2\/pages"}],"about":[{"href":"https:\/\/zakelijk.epifloors.com\/de\/wp-json\/wp\/v2\/types\/page"}],"author":[{"embeddable":true,"href":"https:\/\/zakelijk.epifloors.com\/de\/wp-json\/wp\/v2\/users\/1"}],"replies":[{"embeddable":true,"href":"https:\/\/zakelijk.epifloors.com\/de\/wp-json\/wp\/v2\/comments?post=5463"}],"version-history":[{"count":18,"href":"https:\/\/zakelijk.epifloors.com\/de\/wp-json\/wp\/v2\/pages\/5463\/revisions"}],"predecessor-version":[{"id":10945,"href":"https:\/\/zakelijk.epifloors.com\/de\/wp-json\/wp\/v2\/pages\/5463\/revisions\/10945"}],"wp:featuredmedia":[{"embeddable":true,"href":"https:\/\/zakelijk.epifloors.com\/de\/wp-json\/wp\/v2\/media\/5374"}],"wp:attachment":[{"href":"https:\/\/zakelijk.epifloors.com\/de\/wp-json\/wp\/v2\/media?parent=5463"}],"wp:term":[{"taxonomy":"kleur-category","embeddable":true,"href":"https:\/\/zakelijk.epifloors.com\/de\/wp-json\/wp\/v2\/kleur-category?post=5463"},{"taxonomy":"vloer-category","embeddable":true,"href":"https:\/\/zakelijk.epifloors.com\/de\/wp-json\/wp\/v2\/vloer-category?post=5463"}],"curies":[{"name":"wp","href":"https:\/\/api.w.org\/{rel}","templated":true}]}}