{"id":8842,"date":"2025-07-15T13:26:46","date_gmt":"2025-07-15T13:26:46","guid":{"rendered":"https:\/\/zakelijkepi.webstudio.nl\/industrievloeren-epi-coatingvloeren-600-pox\/"},"modified":"2026-01-20T12:31:56","modified_gmt":"2026-01-20T12:31:56","slug":"epi-600-pox","status":"publish","type":"page","link":"https:\/\/zakelijk.epifloors.com\/de\/epi-600-pox\/","title":{"rendered":"EPI 600 POX"},"content":{"rendered":"\t\t<div data-elementor-type=\"wp-page\" data-elementor-id=\"8842\" class=\"elementor elementor-8842 elementor-8669\" data-elementor-post-type=\"page\">\n\t\t\t\t<div class=\"elementor-element elementor-element-8489fec e-con-full e-flex e-con e-parent\" data-id=\"8489fec\" data-element_type=\"container\" data-e-type=\"container\" data-settings=\"{&quot;jet_parallax_layout_list&quot;:[]}\">\n\t\t\t\t<div class=\"elementor-element elementor-element-6523922 elementor-widget elementor-widget-template\" data-id=\"6523922\" data-element_type=\"widget\" data-e-type=\"widget\" data-widget_type=\"template.default\">\n\t\t\t\t<div class=\"elementor-widget-container\">\n\t\t\t\t\t\t\t<div class=\"elementor-template\">\n\t\t\t\t\t<div data-elementor-type=\"container\" data-elementor-id=\"9543\" class=\"elementor elementor-9543\" data-elementor-post-type=\"elementor_library\">\n\t\t\t\t<div class=\"elementor-element elementor-element-67446d58 e-con-full e-flex e-con e-parent\" data-id=\"67446d58\" data-element_type=\"container\" data-e-type=\"container\" id=\"algemeenheadernieuw\" data-settings=\"{&quot;background_background&quot;:&quot;classic&quot;,&quot;jet_parallax_layout_list&quot;:[]}\">\n\t\t<div class=\"elementor-element elementor-element-47a01de3 jedv-enabled--yes e-flex e-con-boxed e-con e-child\" data-id=\"47a01de3\" data-element_type=\"container\" data-e-type=\"container\" data-settings=\"{&quot;jet_parallax_layout_list&quot;:[]}\">\n\t\t\t\t\t<div class=\"e-con-inner\">\n\t\t\t\t<div class=\"elementor-element elementor-element-9e07309 elementor-widget__width-inherit no-line elementor-widget elementor-widget-heading\" data-id=\"9e07309\" data-element_type=\"widget\" data-e-type=\"widget\" data-widget_type=\"heading.default\">\n\t\t\t\t<div class=\"elementor-widget-container\">\n\t\t\t\t\t<h1 class=\"elementor-heading-title elementor-size-default\">EPI 600 POX<\/h1>\t\t\t\t<\/div>\n\t\t\t\t<\/div>\n\t\t\t\t<div class=\"elementor-element elementor-element-5509d325 no-line elementor-widget elementor-widget-heading\" data-id=\"5509d325\" data-element_type=\"widget\" data-e-type=\"widget\" data-widget_type=\"heading.default\">\n\t\t\t\t<div class=\"elementor-widget-container\">\n\t\t\t\t\t<div class=\"elementor-heading-title elementor-size-default\">EPI 600 POX wurde als multifunktionale Bodenbeschichtung f\u00fcr Bereiche entwickelt, in denen starker Fu\u00dfg\u00e4ngerverkehr mit leichten bis mittleren mechanischen Belastungen kombiniert werden. Die farbige, staubfreie Bodenbeschichtung kann sowohl im Innen- als auch im Au\u00dfenbereich eingesetzt werden.<\/div>\t\t\t\t<\/div>\n\t\t\t\t<\/div>\n\t\t\t\t\t<\/div>\n\t\t\t\t<\/div>\n\t\t\t\t<\/div>\n\t\t\t\t<\/div>\n\t\t\t\t<\/div>\n\t\t\t\t\t\t<\/div>\n\t\t\t\t<\/div>\n\t\t\t\t<\/div>\n\t\t<div class=\"elementor-element elementor-element-def53c3 e-flex e-con-boxed e-con e-parent\" data-id=\"def53c3\" data-element_type=\"container\" data-e-type=\"container\" data-settings=\"{&quot;jet_parallax_layout_list&quot;:[]}\">\n\t\t\t\t\t<div class=\"e-con-inner\">\n\t\t\t\t<div class=\"elementor-element elementor-element-c408c83 elementor-widget elementor-widget-template\" data-id=\"c408c83\" data-element_type=\"widget\" data-e-type=\"widget\" data-widget_type=\"template.default\">\n\t\t\t\t<div class=\"elementor-widget-container\">\n\t\t\t\t\t\t\t<div class=\"elementor-template\">\n\t\t\t\t\t<div data-elementor-type=\"container\" data-elementor-id=\"8848\" class=\"elementor elementor-8848 elementor-8650 elementor-8650\" data-elementor-post-type=\"elementor_library\">\n\t\t\t\t<div class=\"elementor-element elementor-element-28987ac3 e-flex e-con-boxed e-con e-parent\" data-id=\"28987ac3\" data-element_type=\"container\" data-e-type=\"container\" data-settings=\"{&quot;jet_parallax_layout_list&quot;:[]}\">\n\t\t\t\t\t<div class=\"e-con-inner\">\n\t\t\t\t<div class=\"elementor-element elementor-element-317dc7c6 elementor-icon-list--layout-inline elementor-align-center elementor-list-item-link-full_width elementor-widget elementor-widget-icon-list\" data-id=\"317dc7c6\" data-element_type=\"widget\" data-e-type=\"widget\" data-widget_type=\"icon-list.default\">\n\t\t\t\t<div class=\"elementor-widget-container\">\n\t\t\t\t\t\t\t<ul class=\"elementor-icon-list-items elementor-inline-items\">\n\t\t\t\t\t\t\t<li class=\"elementor-icon-list-item elementor-inline-item\">\n\t\t\t\t\t\t\t\t\t\t\t<a href=\"https:\/\/zakelijk.epifloors.com\/industrievloeren-epi-coatingvloeren-300-pox\/\">\n\n\t\t\t\t\t\t\t\t\t\t\t<span class=\"elementor-icon-list-text\">EPI 300 POX<\/span>\n\t\t\t\t\t\t\t\t\t\t\t<\/a>\n\t\t\t\t\t\t\t\t\t<\/li>\n\t\t\t\t\t\t\t\t<li class=\"elementor-icon-list-item elementor-inline-item\">\n\t\t\t\t\t\t\t\t\t\t\t<a href=\"https:\/\/zakelijk.epifloors.com\/de\/epi-600-pox\/\">\n\n\t\t\t\t\t\t\t\t\t\t\t<span class=\"elementor-icon-list-text\">EPI 600 POX<\/span>\n\t\t\t\t\t\t\t\t\t\t\t<\/a>\n\t\t\t\t\t\t\t\t\t<\/li>\n\t\t\t\t\t\t\t\t<li class=\"elementor-icon-list-item elementor-inline-item\">\n\t\t\t\t\t\t\t\t\t\t\t<a href=\"https:\/\/zakelijk.epifloors.com\/de\/epi-speedstar\/\">\n\n\t\t\t\t\t\t\t\t\t\t\t<span class=\"elementor-icon-list-text\">EPI Speedstar<\/span>\n\t\t\t\t\t\t\t\t\t\t\t<\/a>\n\t\t\t\t\t\t\t\t\t<\/li>\n\t\t\t\t\t\t<\/ul>\n\t\t\t\t\t\t<\/div>\n\t\t\t\t<\/div>\n\t\t\t\t\t<\/div>\n\t\t\t\t<\/div>\n\t\t\t\t<\/div>\n\t\t\t\t<\/div>\n\t\t\t\t\t\t<\/div>\n\t\t\t\t<\/div>\n\t\t\t\t\t<\/div>\n\t\t\t\t<\/div>\n\t\t<div class=\"elementor-element elementor-element-8eb7d74 e-flex e-con-boxed e-con e-parent\" data-id=\"8eb7d74\" data-element_type=\"container\" data-e-type=\"container\" data-settings=\"{&quot;jet_parallax_layout_list&quot;:[]}\">\n\t\t\t\t\t<div class=\"e-con-inner\">\n\t\t\t\t<div class=\"elementor-element elementor-element-a7dd58d elementor-widget-tablet__width-initial elementor-widget__width-initial elementor-hidden-tablet elementor-hidden-mobile elementor-widget elementor-widget-image\" data-id=\"a7dd58d\" data-element_type=\"widget\" data-e-type=\"widget\" data-widget_type=\"image.default\">\n\t\t\t\t<div class=\"elementor-widget-container\">\n\t\t\t\t\t\t\t\t\t\t\t\t\t\t\t<img fetchpriority=\"high\" decoding=\"async\" width=\"1920\" height=\"1280\" src=\"https:\/\/zakelijk.epifloors.com\/wp-content\/uploads\/2025\/07\/EPI-gietvloer-600pox.jpg\" class=\"attachment-full size-full wp-image-8673\" alt=\"\" srcset=\"https:\/\/zakelijk.epifloors.com\/wp-content\/uploads\/2025\/07\/EPI-gietvloer-600pox.jpg 1920w, https:\/\/zakelijk.epifloors.com\/wp-content\/uploads\/2025\/07\/EPI-gietvloer-600pox-300x200.jpg 300w, https:\/\/zakelijk.epifloors.com\/wp-content\/uploads\/2025\/07\/EPI-gietvloer-600pox-1024x683.jpg 1024w, https:\/\/zakelijk.epifloors.com\/wp-content\/uploads\/2025\/07\/EPI-gietvloer-600pox-768x512.jpg 768w, https:\/\/zakelijk.epifloors.com\/wp-content\/uploads\/2025\/07\/EPI-gietvloer-600pox-1536x1024.jpg 1536w\" sizes=\"(max-width: 1920px) 100vw, 1920px\" \/>\t\t\t\t\t\t\t\t\t\t\t\t\t\t\t<\/div>\n\t\t\t\t<\/div>\n\t\t<div class=\"elementor-element elementor-element-6749369 e-con-full e-flex e-con e-child\" data-id=\"6749369\" data-element_type=\"container\" data-e-type=\"container\" data-settings=\"{&quot;jet_parallax_layout_list&quot;:[]}\">\n\t\t\t\t<div class=\"elementor-element elementor-element-a4d63cc elementor-widget__width-inherit elementor-widget elementor-widget-heading\" data-id=\"a4d63cc\" data-element_type=\"widget\" data-e-type=\"widget\" data-widget_type=\"heading.default\">\n\t\t\t\t<div class=\"elementor-widget-container\">\n\t\t\t\t\t<h2 class=\"elementor-heading-title elementor-size-default\">Staubfreie, farbige, gl\u00e4nzende Bodenbeschichtung\n<\/h2>\t\t\t\t<\/div>\n\t\t\t\t<\/div>\n\t\t\t\t<div class=\"elementor-element elementor-element-3fa91ff elementor-widget__width-inherit elementor-widget elementor-widget-text-editor\" data-id=\"3fa91ff\" data-element_type=\"widget\" data-e-type=\"widget\" data-widget_type=\"text-editor.default\">\n\t\t\t\t<div class=\"elementor-widget-container\">\n\t\t\t\t\t\t\t\t\t<p>EPI 600 POX ist eine wirtschaftliche L\u00f6sung f\u00fcr eine staubfreie, farbige Bodenbeschichtung. Dieses System ist gl\u00e4nzend und besteht aus einer oder mehreren Schichten, die wahlweise mit Farbchips oder rutschhemmend ausger\u00fcstet werden k\u00f6nnen.<br \/>EPI 600 POX kann auch an einem Tag aufgetragen werden, wenn ein spezieller Unterbau verwendet wird. Das gesamte System wird gem\u00e4\u00df der Norm NEN-ISO 9001\/14001 hergestellt und gepr\u00fcft.<\/p>\t\t\t\t\t\t\t\t<\/div>\n\t\t\t\t<\/div>\n\t\t\t\t<div class=\"elementor-element elementor-element-7bbdabc elementor-widget__width-inherit elementor-widget elementor-widget-heading\" data-id=\"7bbdabc\" data-element_type=\"widget\" data-e-type=\"widget\" data-widget_type=\"heading.default\">\n\t\t\t\t<div class=\"elementor-widget-container\">\n\t\t\t\t\t<h2 class=\"elementor-heading-title elementor-size-default\">Anwendungen<\/h2>\t\t\t\t<\/div>\n\t\t\t\t<\/div>\n\t\t\t\t<div class=\"elementor-element elementor-element-c286590 elementor-widget__width-inherit elementor-widget elementor-widget-text-editor\" data-id=\"c286590\" data-element_type=\"widget\" data-e-type=\"widget\" data-widget_type=\"text-editor.default\">\n\t\t\t\t<div class=\"elementor-widget-container\">\n\t\t\t\t\t\t\t\t\t<p>Als Bodenbeschichtung f\u00fcr Industrie, Gewerbebauten, Parkh\u00e4user, Krankenh\u00e4user, Schulen, Hallen, Logistik und Gro\u00dfhandel. Das System EPI 600 POX ist ideal geeignet f\u00fcr die Nutzung mit Fu\u00dfg\u00e4ngerverkehr und leichten mechanischen Belastungen. Dieses System ist optional mit dekorativen Farbchips erh\u00e4ltlich.<\/p>\t\t\t\t\t\t\t\t<\/div>\n\t\t\t\t<\/div>\n\t\t\t\t<\/div>\n\t\t\t\t\t<\/div>\n\t\t\t\t<\/div>\n\t\t<div class=\"elementor-element elementor-element-b8efaed e-flex e-con-boxed e-con e-parent\" data-id=\"b8efaed\" data-element_type=\"container\" data-e-type=\"container\" data-settings=\"{&quot;jet_parallax_layout_list&quot;:[]}\">\n\t\t\t\t\t<div class=\"e-con-inner\">\n\t\t\t\t<div class=\"elementor-element elementor-element-b2b8903 elementor-widget-tablet__width-initial elementor-widget__width-initial elementor-hidden-tablet elementor-hidden-mobile elementor-widget elementor-widget-image\" data-id=\"b2b8903\" data-element_type=\"widget\" data-e-type=\"widget\" data-widget_type=\"image.default\">\n\t\t\t\t<div class=\"elementor-widget-container\">\n\t\t\t\t\t\t\t\t\t\t\t\t\t\t\t<img decoding=\"async\" width=\"1920\" height=\"590\" src=\"https:\/\/zakelijk.epifloors.com\/wp-content\/uploads\/2025\/04\/EPI-Coatingvloeren.jpg\" class=\"attachment-full size-full wp-image-5409\" alt=\"EPI Coatingvloeren\" srcset=\"https:\/\/zakelijk.epifloors.com\/wp-content\/uploads\/2025\/04\/EPI-Coatingvloeren.jpg 1920w, https:\/\/zakelijk.epifloors.com\/wp-content\/uploads\/2025\/04\/EPI-Coatingvloeren-300x92.jpg 300w, https:\/\/zakelijk.epifloors.com\/wp-content\/uploads\/2025\/04\/EPI-Coatingvloeren-1024x315.jpg 1024w, https:\/\/zakelijk.epifloors.com\/wp-content\/uploads\/2025\/04\/EPI-Coatingvloeren-768x236.jpg 768w, https:\/\/zakelijk.epifloors.com\/wp-content\/uploads\/2025\/04\/EPI-Coatingvloeren-1536x472.jpg 1536w\" sizes=\"(max-width: 1920px) 100vw, 1920px\" \/>\t\t\t\t\t\t\t\t\t\t\t\t\t\t\t<\/div>\n\t\t\t\t<\/div>\n\t\t<div class=\"elementor-element elementor-element-03af641 e-con-full e-flex e-con e-child\" data-id=\"03af641\" data-element_type=\"container\" data-e-type=\"container\" data-settings=\"{&quot;jet_parallax_layout_list&quot;:[]}\">\n\t\t\t\t<div class=\"elementor-element elementor-element-25dce92 elementor-widget__width-inherit elementor-widget elementor-widget-heading\" data-id=\"25dce92\" data-element_type=\"widget\" data-e-type=\"widget\" data-widget_type=\"heading.default\">\n\t\t\t\t<div class=\"elementor-widget-container\">\n\t\t\t\t\t<h2 class=\"elementor-heading-title elementor-size-default\">Produkteigenschaften<\/h2>\t\t\t\t<\/div>\n\t\t\t\t<\/div>\n\t\t\t\t<div class=\"elementor-element elementor-element-d199dbe elementor-widget__width-inherit elementor-widget elementor-widget-text-editor\" data-id=\"d199dbe\" data-element_type=\"widget\" data-e-type=\"widget\" data-widget_type=\"text-editor.default\">\n\t\t\t\t<div class=\"elementor-widget-container\">\n\t\t\t\t\t\t\t\t\t<ul>\n<li>Fugenlos<\/li>\n<li>Leicht zu reinigen und zu pflegen<\/li>\n<li>Kann im Innen- und Au\u00dfenbereich (rutschhemmend) verwendet werden<\/li>\n<li>Kann auch auf bestehenden (gefliesten) B\u00f6den verlegt werden<\/li>\n<li>Kann innerhalb von 1 Tag aufgetragen werden<\/li>\n<li>V\u00f6llig l\u00f6semittelfrei<\/li>\n<li>Erh\u00f6hte Verschlei\u00dffestigkeit<\/li>\n<li>Erh\u00f6hte Rutschfestigkeit<\/li>\n<li>Fl\u00fcssigkeitsdicht<\/li>\n<\/ul>\t\t\t\t\t\t\t\t<\/div>\n\t\t\t\t<\/div>\n\t\t\t\t<\/div>\n\t\t\t\t\t<\/div>\n\t\t\t\t<\/div>\n\t\t<div class=\"elementor-element elementor-element-06d0733 e-con-full e-flex e-con e-parent\" data-id=\"06d0733\" data-element_type=\"container\" data-e-type=\"container\" data-settings=\"{&quot;jet_parallax_layout_list&quot;:[]}\">\n\t\t\t\t<div class=\"elementor-element elementor-element-9474e9d elementor-widget elementor-widget-template\" data-id=\"9474e9d\" data-element_type=\"widget\" data-e-type=\"widget\" data-widget_type=\"template.default\">\n\t\t\t\t<div class=\"elementor-widget-container\">\n\t\t\t\t\t\t\t<div class=\"elementor-template\">\n\t\t\t\t\t<div data-elementor-type=\"container\" data-elementor-id=\"8360\" class=\"elementor elementor-8360 elementor-5087 elementor-5087\" data-elementor-post-type=\"elementor_library\">\n\t\t\t\t<div class=\"elementor-element elementor-element-b51579c e-flex e-con-boxed e-con e-parent\" data-id=\"b51579c\" data-element_type=\"container\" data-e-type=\"container\" id=\"afspraak\" data-settings=\"{&quot;background_background&quot;:&quot;classic&quot;,&quot;jet_parallax_layout_list&quot;:[]}\">\n\t\t\t\t\t<div class=\"e-con-inner\">\n\t\t<div class=\"elementor-element elementor-element-1d001ae2 e-con-full e-flex e-con e-child\" data-id=\"1d001ae2\" data-element_type=\"container\" data-e-type=\"container\" data-settings=\"{&quot;background_background&quot;:&quot;classic&quot;,&quot;jet_parallax_layout_list&quot;:[]}\">\n\t\t\t\t<div class=\"elementor-element elementor-element-30d7e178 elementor-widget__width-initial elementor-widget elementor-widget-heading\" data-id=\"30d7e178\" data-element_type=\"widget\" data-e-type=\"widget\" data-widget_type=\"heading.default\">\n\t\t\t\t<div class=\"elementor-widget-container\">\n\t\t\t\t\t<h2 class=\"elementor-heading-title elementor-size-default\">Lernen Sie unsere B\u00f6den kennen<\/h2>\t\t\t\t<\/div>\n\t\t\t\t<\/div>\n\t\t\t\t<div class=\"elementor-element elementor-element-5a048d63 elementor-widget__width-initial elementor-widget elementor-widget-text-editor\" data-id=\"5a048d63\" data-element_type=\"widget\" data-e-type=\"widget\" data-widget_type=\"text-editor.default\">\n\t\t\t\t<div class=\"elementor-widget-container\">\n\t\t\t\t\t\t\t\t\tLernen Sie unsere B\u00f6den kennen\nAls Hersteller verf\u00fcgen wir \u00fcber das n\u00f6tige Wissen, um Sie individuell und bedarfsgerecht zu beraten. F\u00fcllen Sie das Kontaktformular aus oder kontaktieren Sie einen unserer Spezialisten.\t\t\t\t\t\t\t\t<\/div>\n\t\t\t\t<\/div>\n\t\t<div class=\"elementor-element elementor-element-68173fb3 e-grid e-con-full e-con e-child\" data-id=\"68173fb3\" data-element_type=\"container\" data-e-type=\"container\" data-settings=\"{&quot;jet_parallax_layout_list&quot;:[]}\">\n\t\t\t\t<div class=\"elementor-element elementor-element-718562db elementor-widget__width-initial elementor-button-align-stretch elementor-widget elementor-widget-form\" data-id=\"718562db\" data-element_type=\"widget\" data-e-type=\"widget\" data-settings=\"{&quot;button_width&quot;:&quot;20&quot;,&quot;step_next_label&quot;:&quot;Volgende&quot;,&quot;step_previous_label&quot;:&quot;Vorige&quot;,&quot;step_type&quot;:&quot;number_text&quot;,&quot;step_icon_shape&quot;:&quot;circle&quot;}\" data-widget_type=\"form.default\">\n\t\t\t\t<div class=\"elementor-widget-container\">\n\t\t\t\t\t\t\t<form class=\"elementor-form\" method=\"post\" name=\"Our floors - Form\" aria-label=\"Our floors - Form\">\n\t\t\t<input type=\"hidden\" name=\"post_id\" value=\"8360\"\/>\n\t\t\t<input type=\"hidden\" name=\"form_id\" value=\"718562db\"\/>\n\t\t\t<input type=\"hidden\" name=\"referer_title\" value=\"Bauwesen &amp; Infrastruktur - EPIFloors\" \/>\n\n\t\t\t\t\t\t\t<input type=\"hidden\" name=\"queried_id\" value=\"5436\"\/>\n\t\t\t\n\t\t\t<div class=\"elementor-form-fields-wrapper elementor-labels-above\">\n\t\t\t\t\t\t\t\t<div class=\"elementor-field-type-text elementor-field-group elementor-column elementor-field-group-name elementor-col-100\">\n\t\t\t\t\t\t\t\t\t\t\t\t<label for=\"form-field-name\" class=\"elementor-field-label\">\n\t\t\t\t\t\t\t\tName\t\t\t\t\t\t\t<\/label>\n\t\t\t\t\t\t\t\t\t\t\t\t\t\t<input size=\"1\" type=\"text\" name=\"form_fields[name]\" id=\"form-field-name\" class=\"elementor-field elementor-size-xs  elementor-field-textual\">\n\t\t\t\t\t\t\t\t\t\t\t<\/div>\n\t\t\t\t\t\t\t\t<div class=\"elementor-field-type-text elementor-field-group elementor-column elementor-field-group-company elementor-col-100 elementor-field-required\">\n\t\t\t\t\t\t\t\t\t\t\t\t<label for=\"form-field-company\" class=\"elementor-field-label\">\n\t\t\t\t\t\t\t\tFirma\t\t\t\t\t\t\t<\/label>\n\t\t\t\t\t\t\t\t\t\t\t\t\t\t<input size=\"1\" type=\"text\" name=\"form_fields[company]\" id=\"form-field-company\" class=\"elementor-field elementor-size-xs  elementor-field-textual\" required=\"required\">\n\t\t\t\t\t\t\t\t\t\t\t<\/div>\n\t\t\t\t\t\t\t\t<div class=\"elementor-field-type-email elementor-field-group elementor-column elementor-field-group-email elementor-col-100 elementor-field-required\">\n\t\t\t\t\t\t\t\t\t\t\t\t<label for=\"form-field-email\" class=\"elementor-field-label\">\n\t\t\t\t\t\t\t\tE-Mail Adresse\t\t\t\t\t\t\t<\/label>\n\t\t\t\t\t\t\t\t\t\t\t\t\t\t<input size=\"1\" type=\"email\" name=\"form_fields[email]\" id=\"form-field-email\" class=\"elementor-field elementor-size-xs  elementor-field-textual\" required=\"required\">\n\t\t\t\t\t\t\t\t\t\t\t<\/div>\n\t\t\t\t\t\t\t\t<div class=\"elementor-field-type-textarea elementor-field-group elementor-column elementor-field-group-field_f749db8 elementor-col-100 elementor-field-required\">\n\t\t\t\t\t\t\t\t\t\t\t\t<label for=\"form-field-field_f749db8\" class=\"elementor-field-label\">\n\t\t\t\t\t\t\t\tNachricht\t\t\t\t\t\t\t<\/label>\n\t\t\t\t\t\t<textarea class=\"elementor-field-textual elementor-field  elementor-size-xs\" name=\"form_fields[field_f749db8]\" id=\"form-field-field_f749db8\" rows=\"4\" required=\"required\"><\/textarea>\t\t\t\t<\/div>\n\t\t\t\t\t\t\t\t<div class=\"elementor-field-type-text\">\n\t\t\t\t\t<input size=\"1\" type=\"text\" name=\"form_fields[field_ee51224]\" id=\"form-field-field_ee51224\" class=\"elementor-field elementor-size-xs \" style=\"display:none !important;\">\t\t\t\t<\/div>\n\t\t\t\t\t\t\t\t<div class=\"elementor-field-type-recaptcha_v3 elementor-field-group elementor-column elementor-field-group-field_bf39521 elementor-col-100 recaptcha_v3-bottomright\">\n\t\t\t\t\t<div class=\"elementor-field\" id=\"form-field-field_bf39521\"><div class=\"elementor-g-recaptcha\" data-sitekey=\"6Ldcam4rAAAAAAap9DKEmr9niOdy50vSUwm0KtUC\" data-type=\"v3\" data-action=\"Form\" data-badge=\"bottomright\" data-size=\"invisible\"><\/div><\/div>\t\t\t\t<\/div>\n\t\t\t\t\t\t\t\t<div class=\"elementor-field-group elementor-column elementor-field-type-submit elementor-col-20 e-form__buttons\">\n\t\t\t\t\t<button class=\"elementor-button elementor-size-xs\" type=\"submit\">\n\t\t\t\t\t\t<span class=\"elementor-button-content-wrapper\">\n\t\t\t\t\t\t\t\t\t\t\t\t\t\t\t\t\t\t\t\t\t\t<span class=\"elementor-button-text\">Senden<\/span>\n\t\t\t\t\t\t\t\t\t\t\t\t\t<\/span>\n\t\t\t\t\t<\/button>\n\t\t\t\t<\/div>\n\t\t\t<\/div>\n\t\t<\/form>\n\t\t\t\t\t\t<\/div>\n\t\t\t\t<\/div>\n\t\t\t\t<div class=\"elementor-element elementor-element-41bba47b elementor-icon-list--layout-traditional elementor-list-item-link-full_width elementor-widget elementor-widget-icon-list\" data-id=\"41bba47b\" data-element_type=\"widget\" data-e-type=\"widget\" data-widget_type=\"icon-list.default\">\n\t\t\t\t<div class=\"elementor-widget-container\">\n\t\t\t\t\t\t\t<ul class=\"elementor-icon-list-items\">\n\t\t\t\t\t\t\t<li class=\"elementor-icon-list-item\">\n\t\t\t\t\t\t\t\t\t\t\t<a href=\"tel:+31(0)302933664\">\n\n\t\t\t\t\t\t\t\t\t\t\t\t<span class=\"elementor-icon-list-icon\">\n\t\t\t\t\t\t\t<svg aria-hidden=\"true\" class=\"e-font-icon-svg e-fas-phone-alt\" viewBox=\"0 0 512 512\" xmlns=\"http:\/\/www.w3.org\/2000\/svg\"><path d=\"M497.39 361.8l-112-48a24 24 0 0 0-28 6.9l-49.6 60.6A370.66 370.66 0 0 1 130.6 204.11l60.6-49.6a23.94 23.94 0 0 0 6.9-28l-48-112A24.16 24.16 0 0 0 122.6.61l-104 24A24 24 0 0 0 0 48c0 256.5 207.9 464 464 464a24 24 0 0 0 23.4-18.6l24-104a24.29 24.29 0 0 0-14.01-27.6z\"><\/path><\/svg>\t\t\t\t\t\t<\/span>\n\t\t\t\t\t\t\t\t\t\t<span class=\"elementor-icon-list-text\">+31 (0)30 293 36 64<\/span>\n\t\t\t\t\t\t\t\t\t\t\t<\/a>\n\t\t\t\t\t\t\t\t\t<\/li>\n\t\t\t\t\t\t\t\t<li class=\"elementor-icon-list-item\">\n\t\t\t\t\t\t\t\t\t\t\t<a href=\"mailto:info@epigroup.nl\">\n\n\t\t\t\t\t\t\t\t\t\t\t\t<span class=\"elementor-icon-list-icon\">\n\t\t\t\t\t\t\t<svg aria-hidden=\"true\" class=\"e-font-icon-svg e-far-envelope\" viewBox=\"0 0 512 512\" xmlns=\"http:\/\/www.w3.org\/2000\/svg\"><path d=\"M464 64H48C21.49 64 0 85.49 0 112v288c0 26.51 21.49 48 48 48h416c26.51 0 48-21.49 48-48V112c0-26.51-21.49-48-48-48zm0 48v40.805c-22.422 18.259-58.168 46.651-134.587 106.49-16.841 13.247-50.201 45.072-73.413 44.701-23.208.375-56.579-31.459-73.413-44.701C106.18 199.465 70.425 171.067 48 152.805V112h416zM48 400V214.398c22.914 18.251 55.409 43.862 104.938 82.646 21.857 17.205 60.134 55.186 103.062 54.955 42.717.231 80.509-37.199 103.053-54.947 49.528-38.783 82.032-64.401 104.947-82.653V400H48z\"><\/path><\/svg>\t\t\t\t\t\t<\/span>\n\t\t\t\t\t\t\t\t\t\t<span class=\"elementor-icon-list-text\">sales@epigroup.nl<\/span>\n\t\t\t\t\t\t\t\t\t\t\t<\/a>\n\t\t\t\t\t\t\t\t\t<\/li>\n\t\t\t\t\t\t<\/ul>\n\t\t\t\t\t\t<\/div>\n\t\t\t\t<\/div>\n\t\t\t\t<\/div>\n\t\t\t\t<\/div>\n\t\t\t\t\t<\/div>\n\t\t\t\t<\/div>\n\t\t\t\t<\/div>\n\t\t\t\t<\/div>\n\t\t\t\t\t\t<\/div>\n\t\t\t\t<\/div>\n\t\t\t\t<div class=\"elementor-element elementor-element-4784002 elementor-widget elementor-widget-template\" data-id=\"4784002\" data-element_type=\"widget\" data-e-type=\"widget\" data-widget_type=\"template.default\">\n\t\t\t\t<div class=\"elementor-widget-container\">\n\t\t\t\t\t\t\t<div class=\"elementor-template\">\n\t\t\t\t\t<div data-elementor-type=\"container\" data-elementor-id=\"5653\" class=\"elementor elementor-5653 elementor-5119 elementor-5119\" data-elementor-post-type=\"elementor_library\">\n\t\t\t\t<div class=\"elementor-element elementor-element-63f78cf1 e-con-full e-flex e-con e-parent\" data-id=\"63f78cf1\" data-element_type=\"container\" data-e-type=\"container\" data-settings=\"{&quot;background_background&quot;:&quot;classic&quot;,&quot;jet_parallax_layout_list&quot;:[]}\">\n\t\t\t\t<div class=\"elementor-element elementor-element-5170bdd4 no-line elementor-widget elementor-widget-heading\" data-id=\"5170bdd4\" data-element_type=\"widget\" data-e-type=\"widget\" data-widget_type=\"heading.default\">\n\t\t\t\t<div class=\"elementor-widget-container\">\n\t\t\t\t\t<h2 class=\"elementor-heading-title elementor-size-default\">Neugierig nach unseren projekten?<\/h2>\t\t\t\t<\/div>\n\t\t\t\t<\/div>\n\t\t\t\t<div class=\"elementor-element elementor-element-bda84e4 elementor-widget elementor-widget-button\" data-id=\"bda84e4\" data-element_type=\"widget\" data-e-type=\"widget\" data-widget_type=\"button.default\">\n\t\t\t\t<div class=\"elementor-widget-container\">\n\t\t\t\t\t\t\t\t\t<div class=\"elementor-button-wrapper\">\n\t\t\t\t\t<a class=\"elementor-button elementor-button-link elementor-size-sm\" href=\"https:\/\/zakelijk.epifloors.com\/de\/referenzen\/\">\n\t\t\t\t\t\t<span class=\"elementor-button-content-wrapper\">\n\t\t\t\t\t\t\t\t\t<span class=\"elementor-button-text\">Unsere Referenzen &gt;<\/span>\n\t\t\t\t\t<\/span>\n\t\t\t\t\t<\/a>\n\t\t\t\t<\/div>\n\t\t\t\t\t\t\t\t<\/div>\n\t\t\t\t<\/div>\n\t\t\t\t<\/div>\n\t\t\t\t<\/div>\n\t\t\t\t<\/div>\n\t\t\t\t\t\t<\/div>\n\t\t\t\t<\/div>\n\t\t\t\t<\/div>\n\t\t\t\t<\/div>\n\t\t","protected":false},"excerpt":{"rendered":"<p>Staubfreie, farbige, gl\u00e4nzende Bodenbeschichtung EPI 600 POX ist eine wirtschaftliche L\u00f6sung f\u00fcr eine staubfreie, farbige Bodenbeschichtung. Dieses System ist gl\u00e4nzend und besteht aus einer oder mehreren Schichten, die wahlweise mit Farbchips oder rutschhemmend ausger\u00fcstet werden k\u00f6nnen.EPI 600 POX kann auch an einem Tag aufgetragen werden, wenn ein spezieller Unterbau verwendet wird. Das gesamte System wird [&hellip;]<\/p>\n","protected":false},"author":1,"featured_media":5433,"parent":0,"menu_order":0,"comment_status":"closed","ping_status":"closed","template":"","meta":{"footnotes":""},"kleur-category":[],"vloer-category":[57],"class_list":["post-8842","page","type-page","status-publish","has-post-thumbnail","hentry","vloer-category-done"],"_links":{"self":[{"href":"https:\/\/zakelijk.epifloors.com\/de\/wp-json\/wp\/v2\/pages\/8842","targetHints":{"allow":["GET"]}}],"collection":[{"href":"https:\/\/zakelijk.epifloors.com\/de\/wp-json\/wp\/v2\/pages"}],"about":[{"href":"https:\/\/zakelijk.epifloors.com\/de\/wp-json\/wp\/v2\/types\/page"}],"author":[{"embeddable":true,"href":"https:\/\/zakelijk.epifloors.com\/de\/wp-json\/wp\/v2\/users\/1"}],"replies":[{"embeddable":true,"href":"https:\/\/zakelijk.epifloors.com\/de\/wp-json\/wp\/v2\/comments?post=8842"}],"version-history":[{"count":13,"href":"https:\/\/zakelijk.epifloors.com\/de\/wp-json\/wp\/v2\/pages\/8842\/revisions"}],"predecessor-version":[{"id":11454,"href":"https:\/\/zakelijk.epifloors.com\/de\/wp-json\/wp\/v2\/pages\/8842\/revisions\/11454"}],"wp:featuredmedia":[{"embeddable":true,"href":"https:\/\/zakelijk.epifloors.com\/de\/wp-json\/wp\/v2\/media\/5433"}],"wp:attachment":[{"href":"https:\/\/zakelijk.epifloors.com\/de\/wp-json\/wp\/v2\/media?parent=8842"}],"wp:term":[{"taxonomy":"kleur-category","embeddable":true,"href":"https:\/\/zakelijk.epifloors.com\/de\/wp-json\/wp\/v2\/kleur-category?post=8842"},{"taxonomy":"vloer-category","embeddable":true,"href":"https:\/\/zakelijk.epifloors.com\/de\/wp-json\/wp\/v2\/vloer-category?post=8842"}],"curies":[{"name":"wp","href":"https:\/\/api.w.org\/{rel}","templated":true}]}}