{"id":8953,"date":"2025-07-17T08:46:09","date_gmt":"2025-07-17T08:46:09","guid":{"rendered":"https:\/\/zakelijkepi.webstudio.nl\/industrievloeren-epi-forcem-esd\/"},"modified":"2026-01-19T14:39:50","modified_gmt":"2026-01-19T14:39:50","slug":"epi-forcem-esd","status":"publish","type":"page","link":"https:\/\/zakelijk.epifloors.com\/de\/epi-forcem-esd\/","title":{"rendered":"EPI Forcem ESD"},"content":{"rendered":"\t\t<div data-elementor-type=\"wp-page\" data-elementor-id=\"8953\" class=\"elementor elementor-8953 elementor-8941\" data-elementor-post-type=\"page\">\n\t\t\t\t<div class=\"elementor-element elementor-element-ed0fa5c e-con-full e-flex e-con e-parent\" data-id=\"ed0fa5c\" data-element_type=\"container\" data-e-type=\"container\" data-settings=\"{&quot;jet_parallax_layout_list&quot;:[]}\">\n\t\t\t\t<div class=\"elementor-element elementor-element-29d8955 elementor-widget elementor-widget-template\" data-id=\"29d8955\" data-element_type=\"widget\" data-e-type=\"widget\" data-widget_type=\"template.default\">\n\t\t\t\t<div class=\"elementor-widget-container\">\n\t\t\t\t\t\t\t<div class=\"elementor-template\">\n\t\t\t\t\t<div data-elementor-type=\"container\" data-elementor-id=\"9586\" class=\"elementor elementor-9586\" data-elementor-post-type=\"elementor_library\">\n\t\t\t\t<div class=\"elementor-element elementor-element-1e270187 e-con-full e-flex e-con e-parent\" data-id=\"1e270187\" data-element_type=\"container\" data-e-type=\"container\" data-settings=\"{&quot;background_background&quot;:&quot;classic&quot;,&quot;jet_parallax_layout_list&quot;:[]}\">\n\t\t<div class=\"elementor-element elementor-element-7971eafc jedv-enabled--yes e-flex e-con-boxed e-con e-child\" data-id=\"7971eafc\" data-element_type=\"container\" data-e-type=\"container\" data-settings=\"{&quot;jet_parallax_layout_list&quot;:[]}\">\n\t\t\t\t\t<div class=\"e-con-inner\">\n\t\t\t\t<div class=\"elementor-element elementor-element-10d02728 elementor-widget__width-inherit no-line elementor-widget elementor-widget-heading\" data-id=\"10d02728\" data-element_type=\"widget\" data-e-type=\"widget\" data-widget_type=\"heading.default\">\n\t\t\t\t<div class=\"elementor-widget-container\">\n\t\t\t\t\t<h1 class=\"elementor-heading-title elementor-size-default\">EPI Forcem ESD<\/h1>\t\t\t\t<\/div>\n\t\t\t\t<\/div>\n\t\t\t\t<div class=\"elementor-element elementor-element-1d15a5da no-line elementor-widget elementor-widget-heading\" data-id=\"1d15a5da\" data-element_type=\"widget\" data-e-type=\"widget\" data-widget_type=\"heading.default\">\n\t\t\t\t<div class=\"elementor-widget-container\">\n\t\t\t\t\t<div class=\"elementor-heading-title elementor-size-default\">EPI Forcem ESD verhindert den Aufbau elektrostatischer Spannungen sowie unkontrollierte elektrostatische Auf- und Entladungen, die Sch\u00e4den an Bauteilen verursachen k\u00f6nnen.<\/div>\t\t\t\t<\/div>\n\t\t\t\t<\/div>\n\t\t\t\t\t<\/div>\n\t\t\t\t<\/div>\n\t\t\t\t<\/div>\n\t\t\t\t<\/div>\n\t\t\t\t<\/div>\n\t\t\t\t\t\t<\/div>\n\t\t\t\t<\/div>\n\t\t\t\t<\/div>\n\t\t<div class=\"elementor-element elementor-element-31942c6 e-flex e-con-boxed e-con e-parent\" data-id=\"31942c6\" data-element_type=\"container\" data-e-type=\"container\" data-settings=\"{&quot;jet_parallax_layout_list&quot;:[]}\">\n\t\t\t\t\t<div class=\"e-con-inner\">\n\t\t\t\t<div class=\"elementor-element elementor-element-4433f89 elementor-widget elementor-widget-template\" data-id=\"4433f89\" data-element_type=\"widget\" data-e-type=\"widget\" data-widget_type=\"template.default\">\n\t\t\t\t<div class=\"elementor-widget-container\">\n\t\t\t\t\t\t\t<div class=\"elementor-template\">\n\t\t\t\t\t<div data-elementor-type=\"container\" data-elementor-id=\"8917\" class=\"elementor elementor-8917 elementor-3555 elementor-3555\" data-elementor-post-type=\"elementor_library\">\n\t\t\t\t<div class=\"elementor-element elementor-element-6d70c811 e-flex e-con-boxed e-con e-parent\" data-id=\"6d70c811\" data-element_type=\"container\" data-e-type=\"container\" data-settings=\"{&quot;jet_parallax_layout_list&quot;:[]}\">\n\t\t\t\t\t<div class=\"e-con-inner\">\n\t\t\t\t<div class=\"elementor-element elementor-element-30f13b4 elementor-icon-list--layout-inline elementor-align-center elementor-list-item-link-full_width elementor-widget elementor-widget-icon-list\" data-id=\"30f13b4\" data-element_type=\"widget\" data-e-type=\"widget\" data-widget_type=\"icon-list.default\">\n\t\t\t\t<div class=\"elementor-widget-container\">\n\t\t\t\t\t\t\t<ul class=\"elementor-icon-list-items elementor-inline-items\">\n\t\t\t\t\t\t\t<li class=\"elementor-icon-list-item elementor-inline-item\">\n\t\t\t\t\t\t\t\t\t\t\t<a href=\"https:\/\/zakelijk.epifloors.com\/de\/epi-forcem-sl-giesboden\/\">\n\n\t\t\t\t\t\t\t\t\t\t\t<span class=\"elementor-icon-list-text\">EPI Forcem SL Gie\u00dfb\u00f6den<\/span>\n\t\t\t\t\t\t\t\t\t\t\t<\/a>\n\t\t\t\t\t\t\t\t\t<\/li>\n\t\t\t\t\t\t\t\t<li class=\"elementor-icon-list-item elementor-inline-item\">\n\t\t\t\t\t\t\t\t\t\t\t<a href=\"https:\/\/zakelijk.epifloors.com\/de\/epi-forcem-mt-mortelboden\/\">\n\n\t\t\t\t\t\t\t\t\t\t\t<span class=\"elementor-icon-list-text\">EPI Forcem MT M\u00f6rtelb\u00f6den<\/span>\n\t\t\t\t\t\t\t\t\t\t\t<\/a>\n\t\t\t\t\t\t\t\t\t<\/li>\n\t\t\t\t\t\t\t\t<li class=\"elementor-icon-list-item elementor-inline-item\">\n\t\t\t\t\t\t\t\t\t\t\t<a href=\"https:\/\/zakelijk.epifloors.com\/de\/epi-forcem-esd\/\">\n\n\t\t\t\t\t\t\t\t\t\t\t<span class=\"elementor-icon-list-text\">EPI Forcem ESD<\/span>\n\t\t\t\t\t\t\t\t\t\t\t<\/a>\n\t\t\t\t\t\t\t\t\t<\/li>\n\t\t\t\t\t\t<\/ul>\n\t\t\t\t\t\t<\/div>\n\t\t\t\t<\/div>\n\t\t\t\t\t<\/div>\n\t\t\t\t<\/div>\n\t\t\t\t<\/div>\n\t\t\t\t<\/div>\n\t\t\t\t\t\t<\/div>\n\t\t\t\t<\/div>\n\t\t\t\t\t<\/div>\n\t\t\t\t<\/div>\n\t\t<div class=\"elementor-element elementor-element-00b0347 e-flex e-con-boxed e-con e-parent\" data-id=\"00b0347\" data-element_type=\"container\" data-e-type=\"container\" data-settings=\"{&quot;jet_parallax_layout_list&quot;:[]}\">\n\t\t\t\t\t<div class=\"e-con-inner\">\n\t\t\t\t<div class=\"elementor-element elementor-element-59fedeb elementor-widget-tablet__width-initial elementor-widget__width-initial elementor-hidden-tablet elementor-hidden-mobile elementor-widget elementor-widget-image\" data-id=\"59fedeb\" data-element_type=\"widget\" data-e-type=\"widget\" data-widget_type=\"image.default\">\n\t\t\t\t<div class=\"elementor-widget-container\">\n\t\t\t\t\t\t\t\t\t\t\t\t\t\t\t<img fetchpriority=\"high\" decoding=\"async\" width=\"1920\" height=\"872\" src=\"https:\/\/zakelijk.epifloors.com\/wp-content\/uploads\/2025\/04\/Vloeren-voor-de-voedselindustrie.jpg\" class=\"attachment-full size-full wp-image-5413\" alt=\"Vloeren Voor De Voedselindustrie\" srcset=\"https:\/\/zakelijk.epifloors.com\/wp-content\/uploads\/2025\/04\/Vloeren-voor-de-voedselindustrie.jpg 1920w, https:\/\/zakelijk.epifloors.com\/wp-content\/uploads\/2025\/04\/Vloeren-voor-de-voedselindustrie-300x136.jpg 300w, https:\/\/zakelijk.epifloors.com\/wp-content\/uploads\/2025\/04\/Vloeren-voor-de-voedselindustrie-1024x465.jpg 1024w, https:\/\/zakelijk.epifloors.com\/wp-content\/uploads\/2025\/04\/Vloeren-voor-de-voedselindustrie-768x349.jpg 768w, https:\/\/zakelijk.epifloors.com\/wp-content\/uploads\/2025\/04\/Vloeren-voor-de-voedselindustrie-1536x698.jpg 1536w\" sizes=\"(max-width: 1920px) 100vw, 1920px\" \/>\t\t\t\t\t\t\t\t\t\t\t\t\t\t\t<\/div>\n\t\t\t\t<\/div>\n\t\t<div class=\"elementor-element elementor-element-2278f6f e-con-full e-flex e-con e-child\" data-id=\"2278f6f\" data-element_type=\"container\" data-e-type=\"container\" data-settings=\"{&quot;jet_parallax_layout_list&quot;:[]}\">\n\t\t\t\t<div class=\"elementor-element elementor-element-3ae49c8 elementor-widget__width-inherit elementor-widget elementor-widget-heading\" data-id=\"3ae49c8\" data-element_type=\"widget\" data-e-type=\"widget\" data-widget_type=\"heading.default\">\n\t\t\t\t<div class=\"elementor-widget-container\">\n\t\t\t\t\t<h2 class=\"elementor-heading-title elementor-size-default\">Industrielles ESD \u2013 Bodenbelagssystem\n<\/h2>\t\t\t\t<\/div>\n\t\t\t\t<\/div>\n\t\t\t\t<div class=\"elementor-element elementor-element-8ca0c12 elementor-widget__width-inherit elementor-widget elementor-widget-text-editor\" data-id=\"8ca0c12\" data-element_type=\"widget\" data-e-type=\"widget\" data-widget_type=\"text-editor.default\">\n\t\t\t\t<div class=\"elementor-widget-container\">\n\t\t\t\t\t\t\t\t\t<p>EPI Forcem SL-ESD ist ein PU-Zementm\u00f6rtel mit antistatischen Eigenschaften, der gegen mechanische Belastungen, aggressive Chemikalien und statische Aufladung best\u00e4ndig ist. EPI Forcem SL-ESD wird eingesetzt, um den Aufbau elektrostatischer Spannungen und die Besch\u00e4digung von Bauteilen und Ger\u00e4ten durch unkontrollierte elektrostatische Entladungen zu verhindern. Das Bodensystem hat eine glatte, fl\u00fcssigkeitsdichte Oberfl\u00e4che und ist daher ideal f\u00fcr den Einsatz in trockenen, explosionsgef\u00e4hrdeten R\u00e4umlichkeiten geeignet.<\/p>\t\t\t\t\t\t\t\t<\/div>\n\t\t\t\t<\/div>\n\t\t\t\t<div class=\"elementor-element elementor-element-8f209a7 elementor-widget__width-inherit elementor-widget elementor-widget-heading\" data-id=\"8f209a7\" data-element_type=\"widget\" data-e-type=\"widget\" data-widget_type=\"heading.default\">\n\t\t\t\t<div class=\"elementor-widget-container\">\n\t\t\t\t\t<h2 class=\"elementor-heading-title elementor-size-default\">Produkteigenschaften\n<\/h2>\t\t\t\t<\/div>\n\t\t\t\t<\/div>\n\t\t\t\t<div class=\"elementor-element elementor-element-3025dc6 elementor-widget__width-inherit elementor-widget elementor-widget-text-editor\" data-id=\"3025dc6\" data-element_type=\"widget\" data-e-type=\"widget\" data-widget_type=\"text-editor.default\">\n\t\t\t\t<div class=\"elementor-widget-container\">\n\t\t\t\t\t\t\t\t\t<ul>\n<li>F\u00fcr den Einsatz in Bereichen, die ATEX\/ESD erfordern<\/li>\n<li>Fl\u00fcssigkeitsdicht<\/li>\n<li>Verschlei\u00dffest<\/li>\n<li>Gute mechanische Eigenschaften<\/li>\n<li>Sehr gute chemische Eigenschaften<\/li>\n<li>VOC-frei und umweltfreundlich<\/li>\n<li>Gut zu reinigen und zu pflegen<\/li>\n<li>\u00a0<\/li>\n<\/ul>\t\t\t\t\t\t\t\t<\/div>\n\t\t\t\t<\/div>\n\t\t\t\t<\/div>\n\t\t\t\t\t<\/div>\n\t\t\t\t<\/div>\n\t\t<div class=\"elementor-element elementor-element-7e0b133 e-flex e-con-boxed e-con e-parent\" data-id=\"7e0b133\" data-element_type=\"container\" data-e-type=\"container\" data-settings=\"{&quot;jet_parallax_layout_list&quot;:[]}\">\n\t\t\t\t\t<div class=\"e-con-inner\">\n\t\t\t\t<div class=\"elementor-element elementor-element-a5b5d41 elementor-widget__width-initial elementor-widget elementor-widget-image\" data-id=\"a5b5d41\" data-element_type=\"widget\" data-e-type=\"widget\" data-widget_type=\"image.default\">\n\t\t\t\t<div class=\"elementor-widget-container\">\n\t\t\t\t\t\t\t\t\t\t\t\t\t\t\t<img decoding=\"async\" width=\"1920\" height=\"1096\" src=\"https:\/\/zakelijk.epifloors.com\/wp-content\/uploads\/2025\/06\/Milieu-Green2.png\" class=\"attachment-full size-full wp-image-5468\" alt=\"Milieu-Green2\" srcset=\"https:\/\/zakelijk.epifloors.com\/wp-content\/uploads\/2025\/06\/Milieu-Green2.png 1920w, https:\/\/zakelijk.epifloors.com\/wp-content\/uploads\/2025\/06\/Milieu-Green2-300x171.png 300w, https:\/\/zakelijk.epifloors.com\/wp-content\/uploads\/2025\/06\/Milieu-Green2-1024x585.png 1024w, https:\/\/zakelijk.epifloors.com\/wp-content\/uploads\/2025\/06\/Milieu-Green2-768x438.png 768w, https:\/\/zakelijk.epifloors.com\/wp-content\/uploads\/2025\/06\/Milieu-Green2-1536x877.png 1536w\" sizes=\"(max-width: 1920px) 100vw, 1920px\" \/>\t\t\t\t\t\t\t\t\t\t\t\t\t\t\t<\/div>\n\t\t\t\t<\/div>\n\t\t<div class=\"elementor-element elementor-element-f68e085 e-con-full e-flex e-con e-child\" data-id=\"f68e085\" data-element_type=\"container\" data-e-type=\"container\" data-settings=\"{&quot;jet_parallax_layout_list&quot;:[]}\">\n\t\t\t\t<div class=\"elementor-element elementor-element-bca463d elementor-widget__width-inherit elementor-widget elementor-widget-heading\" data-id=\"bca463d\" data-element_type=\"widget\" data-e-type=\"widget\" data-widget_type=\"heading.default\">\n\t\t\t\t<div class=\"elementor-widget-container\">\n\t\t\t\t\t<h2 class=\"elementor-heading-title elementor-size-default\">Nachhaltigkeit und Umwelt\n<\/h2>\t\t\t\t<\/div>\n\t\t\t\t<\/div>\n\t\t\t\t<div class=\"elementor-element elementor-element-9f5659a elementor-widget__width-inherit elementor-widget elementor-widget-text-editor\" data-id=\"9f5659a\" data-element_type=\"widget\" data-e-type=\"widget\" data-widget_type=\"text-editor.default\">\n\t\t\t\t<div class=\"elementor-widget-container\">\n\t\t\t\t\t\t\t\t\t<p>EPI Forcem \u2013 Bodensysteme sind geruchlos und enthalten kein Kiefern\u00f6l mit Xylol, das Lebensmittel belasten kann.<br \/>EPI produziert seine Forcem \u2013 Bodensysteme in den Niederlanden, so dass Sie immer nahe an der Quelle sind.<br \/>Alle EPI Forcem \u2013 Bodensysteme wurden von Eurofins getestet.<\/p>\n<p>Getestet von Eurofins: Bericht 392-2020-00219003_A\/H\/I_EN<\/p>\t\t\t\t\t\t\t\t<\/div>\n\t\t\t\t<\/div>\n\t\t\t\t<\/div>\n\t\t\t\t\t<\/div>\n\t\t\t\t<\/div>\n\t\t<div class=\"elementor-element elementor-element-bf6da5b e-con-full e-flex e-con e-parent\" data-id=\"bf6da5b\" data-element_type=\"container\" data-e-type=\"container\" data-settings=\"{&quot;jet_parallax_layout_list&quot;:[]}\">\n\t\t\t\t<div class=\"elementor-element elementor-element-0e9ece2 elementor-widget elementor-widget-template\" data-id=\"0e9ece2\" data-element_type=\"widget\" data-e-type=\"widget\" data-widget_type=\"template.default\">\n\t\t\t\t<div class=\"elementor-widget-container\">\n\t\t\t\t\t\t\t<div class=\"elementor-template\">\n\t\t\t\t\t<div data-elementor-type=\"container\" data-elementor-id=\"8360\" class=\"elementor elementor-8360 elementor-5087 elementor-5087\" data-elementor-post-type=\"elementor_library\">\n\t\t\t\t<div class=\"elementor-element elementor-element-b51579c e-flex e-con-boxed e-con e-parent\" data-id=\"b51579c\" data-element_type=\"container\" data-e-type=\"container\" id=\"afspraak\" data-settings=\"{&quot;background_background&quot;:&quot;classic&quot;,&quot;jet_parallax_layout_list&quot;:[]}\">\n\t\t\t\t\t<div class=\"e-con-inner\">\n\t\t<div class=\"elementor-element elementor-element-1d001ae2 e-con-full e-flex e-con e-child\" data-id=\"1d001ae2\" data-element_type=\"container\" data-e-type=\"container\" data-settings=\"{&quot;background_background&quot;:&quot;classic&quot;,&quot;jet_parallax_layout_list&quot;:[]}\">\n\t\t\t\t<div class=\"elementor-element elementor-element-30d7e178 elementor-widget__width-initial elementor-widget elementor-widget-heading\" data-id=\"30d7e178\" data-element_type=\"widget\" data-e-type=\"widget\" data-widget_type=\"heading.default\">\n\t\t\t\t<div class=\"elementor-widget-container\">\n\t\t\t\t\t<h2 class=\"elementor-heading-title elementor-size-default\">Lernen Sie unsere B\u00f6den kennen<\/h2>\t\t\t\t<\/div>\n\t\t\t\t<\/div>\n\t\t\t\t<div class=\"elementor-element elementor-element-5a048d63 elementor-widget__width-initial elementor-widget elementor-widget-text-editor\" data-id=\"5a048d63\" data-element_type=\"widget\" data-e-type=\"widget\" data-widget_type=\"text-editor.default\">\n\t\t\t\t<div class=\"elementor-widget-container\">\n\t\t\t\t\t\t\t\t\tLernen Sie unsere B\u00f6den kennen\nAls Hersteller verf\u00fcgen wir \u00fcber das n\u00f6tige Wissen, um Sie individuell und bedarfsgerecht zu beraten. F\u00fcllen Sie das Kontaktformular aus oder kontaktieren Sie einen unserer Spezialisten.\t\t\t\t\t\t\t\t<\/div>\n\t\t\t\t<\/div>\n\t\t<div class=\"elementor-element elementor-element-68173fb3 e-grid e-con-full e-con e-child\" data-id=\"68173fb3\" data-element_type=\"container\" data-e-type=\"container\" data-settings=\"{&quot;jet_parallax_layout_list&quot;:[]}\">\n\t\t\t\t<div class=\"elementor-element elementor-element-718562db elementor-widget__width-initial elementor-button-align-stretch elementor-widget elementor-widget-form\" data-id=\"718562db\" data-element_type=\"widget\" data-e-type=\"widget\" data-settings=\"{&quot;button_width&quot;:&quot;20&quot;,&quot;step_next_label&quot;:&quot;Volgende&quot;,&quot;step_previous_label&quot;:&quot;Vorige&quot;,&quot;step_type&quot;:&quot;number_text&quot;,&quot;step_icon_shape&quot;:&quot;circle&quot;}\" data-widget_type=\"form.default\">\n\t\t\t\t<div class=\"elementor-widget-container\">\n\t\t\t\t\t\t\t<form class=\"elementor-form\" method=\"post\" name=\"Our floors - Form\" aria-label=\"Our floors - Form\">\n\t\t\t<input type=\"hidden\" name=\"post_id\" value=\"8360\"\/>\n\t\t\t<input type=\"hidden\" name=\"form_id\" value=\"718562db\"\/>\n\t\t\t<input type=\"hidden\" name=\"referer_title\" value=\"Balkone &amp; Galerien - EPIFloors\" \/>\n\n\t\t\t\t\t\t\t<input type=\"hidden\" name=\"queried_id\" value=\"5440\"\/>\n\t\t\t\n\t\t\t<div class=\"elementor-form-fields-wrapper elementor-labels-above\">\n\t\t\t\t\t\t\t\t<div class=\"elementor-field-type-text elementor-field-group elementor-column elementor-field-group-name elementor-col-100\">\n\t\t\t\t\t\t\t\t\t\t\t\t<label for=\"form-field-name\" class=\"elementor-field-label\">\n\t\t\t\t\t\t\t\tName\t\t\t\t\t\t\t<\/label>\n\t\t\t\t\t\t\t\t\t\t\t\t\t\t<input size=\"1\" type=\"text\" name=\"form_fields[name]\" id=\"form-field-name\" class=\"elementor-field elementor-size-xs  elementor-field-textual\">\n\t\t\t\t\t\t\t\t\t\t\t<\/div>\n\t\t\t\t\t\t\t\t<div class=\"elementor-field-type-text elementor-field-group elementor-column elementor-field-group-company elementor-col-100 elementor-field-required\">\n\t\t\t\t\t\t\t\t\t\t\t\t<label for=\"form-field-company\" class=\"elementor-field-label\">\n\t\t\t\t\t\t\t\tFirma\t\t\t\t\t\t\t<\/label>\n\t\t\t\t\t\t\t\t\t\t\t\t\t\t<input size=\"1\" type=\"text\" name=\"form_fields[company]\" id=\"form-field-company\" class=\"elementor-field elementor-size-xs  elementor-field-textual\" required=\"required\">\n\t\t\t\t\t\t\t\t\t\t\t<\/div>\n\t\t\t\t\t\t\t\t<div class=\"elementor-field-type-email elementor-field-group elementor-column elementor-field-group-email elementor-col-100 elementor-field-required\">\n\t\t\t\t\t\t\t\t\t\t\t\t<label for=\"form-field-email\" class=\"elementor-field-label\">\n\t\t\t\t\t\t\t\tE-Mail Adresse\t\t\t\t\t\t\t<\/label>\n\t\t\t\t\t\t\t\t\t\t\t\t\t\t<input size=\"1\" type=\"email\" name=\"form_fields[email]\" id=\"form-field-email\" class=\"elementor-field elementor-size-xs  elementor-field-textual\" required=\"required\">\n\t\t\t\t\t\t\t\t\t\t\t<\/div>\n\t\t\t\t\t\t\t\t<div class=\"elementor-field-type-textarea elementor-field-group elementor-column elementor-field-group-field_f749db8 elementor-col-100 elementor-field-required\">\n\t\t\t\t\t\t\t\t\t\t\t\t<label for=\"form-field-field_f749db8\" class=\"elementor-field-label\">\n\t\t\t\t\t\t\t\tNachricht\t\t\t\t\t\t\t<\/label>\n\t\t\t\t\t\t<textarea class=\"elementor-field-textual elementor-field  elementor-size-xs\" name=\"form_fields[field_f749db8]\" id=\"form-field-field_f749db8\" rows=\"4\" required=\"required\"><\/textarea>\t\t\t\t<\/div>\n\t\t\t\t\t\t\t\t<div class=\"elementor-field-type-text\">\n\t\t\t\t\t<input size=\"1\" type=\"text\" name=\"form_fields[field_ee51224]\" id=\"form-field-field_ee51224\" class=\"elementor-field elementor-size-xs \" style=\"display:none !important;\">\t\t\t\t<\/div>\n\t\t\t\t\t\t\t\t<div class=\"elementor-field-type-recaptcha_v3 elementor-field-group elementor-column elementor-field-group-field_bf39521 elementor-col-100 recaptcha_v3-bottomright\">\n\t\t\t\t\t<div class=\"elementor-field\" id=\"form-field-field_bf39521\"><div class=\"elementor-g-recaptcha\" data-sitekey=\"6Ldcam4rAAAAAAap9DKEmr9niOdy50vSUwm0KtUC\" data-type=\"v3\" data-action=\"Form\" data-badge=\"bottomright\" data-size=\"invisible\"><\/div><\/div>\t\t\t\t<\/div>\n\t\t\t\t\t\t\t\t<div class=\"elementor-field-group elementor-column elementor-field-type-submit elementor-col-20 e-form__buttons\">\n\t\t\t\t\t<button class=\"elementor-button elementor-size-xs\" type=\"submit\">\n\t\t\t\t\t\t<span class=\"elementor-button-content-wrapper\">\n\t\t\t\t\t\t\t\t\t\t\t\t\t\t\t\t\t\t\t\t\t\t<span class=\"elementor-button-text\">Senden<\/span>\n\t\t\t\t\t\t\t\t\t\t\t\t\t<\/span>\n\t\t\t\t\t<\/button>\n\t\t\t\t<\/div>\n\t\t\t<\/div>\n\t\t<\/form>\n\t\t\t\t\t\t<\/div>\n\t\t\t\t<\/div>\n\t\t\t\t<div class=\"elementor-element elementor-element-41bba47b elementor-icon-list--layout-traditional elementor-list-item-link-full_width elementor-widget elementor-widget-icon-list\" data-id=\"41bba47b\" data-element_type=\"widget\" data-e-type=\"widget\" data-widget_type=\"icon-list.default\">\n\t\t\t\t<div class=\"elementor-widget-container\">\n\t\t\t\t\t\t\t<ul class=\"elementor-icon-list-items\">\n\t\t\t\t\t\t\t<li class=\"elementor-icon-list-item\">\n\t\t\t\t\t\t\t\t\t\t\t<a href=\"tel:+31(0)302933664\">\n\n\t\t\t\t\t\t\t\t\t\t\t\t<span class=\"elementor-icon-list-icon\">\n\t\t\t\t\t\t\t<svg aria-hidden=\"true\" class=\"e-font-icon-svg e-fas-phone-alt\" viewBox=\"0 0 512 512\" xmlns=\"http:\/\/www.w3.org\/2000\/svg\"><path d=\"M497.39 361.8l-112-48a24 24 0 0 0-28 6.9l-49.6 60.6A370.66 370.66 0 0 1 130.6 204.11l60.6-49.6a23.94 23.94 0 0 0 6.9-28l-48-112A24.16 24.16 0 0 0 122.6.61l-104 24A24 24 0 0 0 0 48c0 256.5 207.9 464 464 464a24 24 0 0 0 23.4-18.6l24-104a24.29 24.29 0 0 0-14.01-27.6z\"><\/path><\/svg>\t\t\t\t\t\t<\/span>\n\t\t\t\t\t\t\t\t\t\t<span class=\"elementor-icon-list-text\">+31 (0)30 293 36 64<\/span>\n\t\t\t\t\t\t\t\t\t\t\t<\/a>\n\t\t\t\t\t\t\t\t\t<\/li>\n\t\t\t\t\t\t\t\t<li class=\"elementor-icon-list-item\">\n\t\t\t\t\t\t\t\t\t\t\t<a href=\"mailto:info@epigroup.nl\">\n\n\t\t\t\t\t\t\t\t\t\t\t\t<span class=\"elementor-icon-list-icon\">\n\t\t\t\t\t\t\t<svg aria-hidden=\"true\" class=\"e-font-icon-svg e-far-envelope\" viewBox=\"0 0 512 512\" xmlns=\"http:\/\/www.w3.org\/2000\/svg\"><path d=\"M464 64H48C21.49 64 0 85.49 0 112v288c0 26.51 21.49 48 48 48h416c26.51 0 48-21.49 48-48V112c0-26.51-21.49-48-48-48zm0 48v40.805c-22.422 18.259-58.168 46.651-134.587 106.49-16.841 13.247-50.201 45.072-73.413 44.701-23.208.375-56.579-31.459-73.413-44.701C106.18 199.465 70.425 171.067 48 152.805V112h416zM48 400V214.398c22.914 18.251 55.409 43.862 104.938 82.646 21.857 17.205 60.134 55.186 103.062 54.955 42.717.231 80.509-37.199 103.053-54.947 49.528-38.783 82.032-64.401 104.947-82.653V400H48z\"><\/path><\/svg>\t\t\t\t\t\t<\/span>\n\t\t\t\t\t\t\t\t\t\t<span class=\"elementor-icon-list-text\">sales@epigroup.nl<\/span>\n\t\t\t\t\t\t\t\t\t\t\t<\/a>\n\t\t\t\t\t\t\t\t\t<\/li>\n\t\t\t\t\t\t<\/ul>\n\t\t\t\t\t\t<\/div>\n\t\t\t\t<\/div>\n\t\t\t\t<\/div>\n\t\t\t\t<\/div>\n\t\t\t\t\t<\/div>\n\t\t\t\t<\/div>\n\t\t\t\t<\/div>\n\t\t\t\t<\/div>\n\t\t\t\t\t\t<\/div>\n\t\t\t\t<\/div>\n\t\t\t\t<div class=\"elementor-element elementor-element-7b4b8b1 elementor-widget elementor-widget-template\" data-id=\"7b4b8b1\" data-element_type=\"widget\" data-e-type=\"widget\" data-widget_type=\"template.default\">\n\t\t\t\t<div class=\"elementor-widget-container\">\n\t\t\t\t\t\t\t<div class=\"elementor-template\">\n\t\t\t\t\t<div data-elementor-type=\"container\" data-elementor-id=\"5653\" class=\"elementor elementor-5653 elementor-5119 elementor-5119\" data-elementor-post-type=\"elementor_library\">\n\t\t\t\t<div class=\"elementor-element elementor-element-63f78cf1 e-con-full e-flex e-con e-parent\" data-id=\"63f78cf1\" data-element_type=\"container\" data-e-type=\"container\" data-settings=\"{&quot;background_background&quot;:&quot;classic&quot;,&quot;jet_parallax_layout_list&quot;:[]}\">\n\t\t\t\t<div class=\"elementor-element elementor-element-5170bdd4 no-line elementor-widget elementor-widget-heading\" data-id=\"5170bdd4\" data-element_type=\"widget\" data-e-type=\"widget\" data-widget_type=\"heading.default\">\n\t\t\t\t<div class=\"elementor-widget-container\">\n\t\t\t\t\t<h2 class=\"elementor-heading-title elementor-size-default\">Neugierig nach unseren projekten?<\/h2>\t\t\t\t<\/div>\n\t\t\t\t<\/div>\n\t\t\t\t<div class=\"elementor-element elementor-element-bda84e4 elementor-widget elementor-widget-button\" data-id=\"bda84e4\" data-element_type=\"widget\" data-e-type=\"widget\" data-widget_type=\"button.default\">\n\t\t\t\t<div class=\"elementor-widget-container\">\n\t\t\t\t\t\t\t\t\t<div class=\"elementor-button-wrapper\">\n\t\t\t\t\t<a class=\"elementor-button elementor-button-link elementor-size-sm\" href=\"https:\/\/zakelijk.epifloors.com\/de\/referenzen\/\">\n\t\t\t\t\t\t<span class=\"elementor-button-content-wrapper\">\n\t\t\t\t\t\t\t\t\t<span class=\"elementor-button-text\">Unsere Referenzen &gt;<\/span>\n\t\t\t\t\t<\/span>\n\t\t\t\t\t<\/a>\n\t\t\t\t<\/div>\n\t\t\t\t\t\t\t\t<\/div>\n\t\t\t\t<\/div>\n\t\t\t\t<\/div>\n\t\t\t\t<\/div>\n\t\t\t\t<\/div>\n\t\t\t\t\t\t<\/div>\n\t\t\t\t<\/div>\n\t\t\t\t<\/div>\n\t\t\t\t<\/div>\n\t\t","protected":false},"excerpt":{"rendered":"<p>Industrielles ESD \u2013 Bodenbelagssystem EPI Forcem SL-ESD ist ein PU-Zementm\u00f6rtel mit antistatischen Eigenschaften, der gegen mechanische Belastungen, aggressive Chemikalien und statische Aufladung best\u00e4ndig ist. EPI Forcem SL-ESD wird eingesetzt, um den Aufbau elektrostatischer Spannungen und die Besch\u00e4digung von Bauteilen und Ger\u00e4ten durch unkontrollierte elektrostatische Entladungen zu verhindern. Das Bodensystem hat eine glatte, fl\u00fcssigkeitsdichte Oberfl\u00e4che und [&hellip;]<\/p>\n","protected":false},"author":1,"featured_media":8944,"parent":0,"menu_order":0,"comment_status":"closed","ping_status":"closed","template":"","meta":{"footnotes":""},"kleur-category":[],"vloer-category":[57],"class_list":["post-8953","page","type-page","status-publish","has-post-thumbnail","hentry","vloer-category-done"],"_links":{"self":[{"href":"https:\/\/zakelijk.epifloors.com\/de\/wp-json\/wp\/v2\/pages\/8953","targetHints":{"allow":["GET"]}}],"collection":[{"href":"https:\/\/zakelijk.epifloors.com\/de\/wp-json\/wp\/v2\/pages"}],"about":[{"href":"https:\/\/zakelijk.epifloors.com\/de\/wp-json\/wp\/v2\/types\/page"}],"author":[{"embeddable":true,"href":"https:\/\/zakelijk.epifloors.com\/de\/wp-json\/wp\/v2\/users\/1"}],"replies":[{"embeddable":true,"href":"https:\/\/zakelijk.epifloors.com\/de\/wp-json\/wp\/v2\/comments?post=8953"}],"version-history":[{"count":13,"href":"https:\/\/zakelijk.epifloors.com\/de\/wp-json\/wp\/v2\/pages\/8953\/revisions"}],"predecessor-version":[{"id":11364,"href":"https:\/\/zakelijk.epifloors.com\/de\/wp-json\/wp\/v2\/pages\/8953\/revisions\/11364"}],"wp:featuredmedia":[{"embeddable":true,"href":"https:\/\/zakelijk.epifloors.com\/de\/wp-json\/wp\/v2\/media\/8944"}],"wp:attachment":[{"href":"https:\/\/zakelijk.epifloors.com\/de\/wp-json\/wp\/v2\/media?parent=8953"}],"wp:term":[{"taxonomy":"kleur-category","embeddable":true,"href":"https:\/\/zakelijk.epifloors.com\/de\/wp-json\/wp\/v2\/kleur-category?post=8953"},{"taxonomy":"vloer-category","embeddable":true,"href":"https:\/\/zakelijk.epifloors.com\/de\/wp-json\/wp\/v2\/vloer-category?post=8953"}],"curies":[{"name":"wp","href":"https:\/\/api.w.org\/{rel}","templated":true}]}}